{"id":825,"date":"2018-01-19T21:16:42","date_gmt":"2018-01-19T20:16:42","guid":{"rendered":"http:\/\/jbh-bolivien.de\/de\/?page_id=825"},"modified":"2018-01-19T21:19:42","modified_gmt":"2018-01-19T20:19:42","slug":"jbh-bolivien-e-v-iban-de91-7016-9466-0000-0631-00","status":"publish","type":"page","link":"https:\/\/jbh-bolivien.de\/de\/jbh-bolivien-e-v-iban-de91-7016-9466-0000-0631-00\/","title":{"rendered":"JBH Bolivien e.V. &#8211; IBAN: DE91 7016 9466 0000 0631 00"},"content":{"rendered":"<h4><strong>Unser Spendenkonto: <\/strong><\/h4>\n<p><strong> Kontoinhaber: JBH Bolivien e.V. <\/strong><br \/>\n<strong> IBAN: DE91 7016 9466 0000 0631 00 <\/strong><br \/>\n<strong> BIC: GENODEF1M03 <\/strong><br \/>\n<strong> Raiffeisenbank M\u00fcnchen S\u00fcd e.G.<\/strong><\/p>\n<p>&nbsp;<\/p>\n<p>Die Unterst\u00fctzung, die unser Verein den bolivianischen Partnern anbietet, besteht neben der Vernetzung und des Bekanntmachens der Projekte haupts\u00e4chlich aus Spenden-Vermittlung. Dazu sind wir auf Ihre Mithilfe angewiesen!<br \/>\nDer JBH unterst\u00fctzt immer konkrete Vorhaben einer bolivianischen Einrichtung. Diese werden mehrmals im Jahr &#8211; haupts\u00e4chlich bei der Vorstands-Sitzung im Fr\u00fchjahr, aber auch beim JBH-Treffen im Herbst und bei Telefonkonferenzen beschlossen. Alle Spenden kommen zu 100% den Projekten zu Gute!<br \/>\nSie k\u00f6nnen entweder f\u00fcr ein bestimmtes Projekt spenden, indem Sie den Namen mit auf den \u00dcberweisungstr\u00e4ger schreiben (zweckgebundene Spende), oder allgemein f\u00fcr den JBH. In diesem Fall wird ihr Geld vom Vorstand einem Projekt zugesprochen.<br \/>\nDa wir ein gemeinn\u00fctziger Verein sind, k\u00f6nnen wir Spendenbescheinigungen ausstellen, die Sie mit der Steuererkl\u00e4rung einreichen k\u00f6nnen. F\u00fcr Betr\u00e4ge unter 200\u20ac gen\u00fcgt dem Finanzamt allerdings Ihr Kontoauszug.&nbsp; F\u00fcr Spenden \u00fcber 200\u20ac wird Ihnen die Bescheinigung dann Anfang des n\u00e4chsten Jahres zugesandt. <strong>Bitte f\u00fcgen Sie dazu Ihre Adresse im Betreff der \u00dcberweisung ein, sonst ist eine Zuordnung nicht m\u00f6glich. <\/strong>Sollten Sie Fragen haben, wenden Sie sich bitte an <a href=\"http:\/\/jbh-bolivien.de\/de\/kontakt\/\">unsere\/n Kassenwart\/in<\/a>.<\/p>\n<p>Vielen Dank!<\/p>\n","protected":false},"excerpt":{"rendered":"<p>Unser Spendenkonto: Kontoinhaber: JBH Bolivien e.V. IBAN: DE91 7016 9466 0000 0631 00 BIC: GENODEF1M03 Raiffeisenbank M\u00fcnchen S\u00fcd e.G. &nbsp; Die Unterst\u00fctzung, die unser Verein den bolivianischen Partnern anbietet, besteht neben der Vernetzung und des Bekanntmachens der Projekte haupts\u00e4chlich aus <span class=\"excerpt-dots\">&hellip;<\/span> <a class=\"more-link\" href=\"https:\/\/jbh-bolivien.de\/de\/jbh-bolivien-e-v-iban-de91-7016-9466-0000-0631-00\/\"><span class=\"more-msg\">Weiterlesen &rarr;<\/span><\/a><\/p>\n","protected":false},"author":1,"featured_media":0,"parent":0,"menu_order":0,"comment_status":"closed","ping_status":"closed","template":"","meta":{"ngg_post_thumbnail":0,"footnotes":""},"class_list":["post-825","page","type-page","status-publish","hentry"],"_links":{"self":[{"href":"https:\/\/jbh-bolivien.de\/de\/wp-json\/wp\/v2\/pages\/825","targetHints":{"allow":["GET"]}}],"collection":[{"href":"https:\/\/jbh-bolivien.de\/de\/wp-json\/wp\/v2\/pages"}],"about":[{"href":"https:\/\/jbh-bolivien.de\/de\/wp-json\/wp\/v2\/types\/page"}],"author":[{"embeddable":true,"href":"https:\/\/jbh-bolivien.de\/de\/wp-json\/wp\/v2\/users\/1"}],"replies":[{"embeddable":true,"href":"https:\/\/jbh-bolivien.de\/de\/wp-json\/wp\/v2\/comments?post=825"}],"version-history":[{"count":2,"href":"https:\/\/jbh-bolivien.de\/de\/wp-json\/wp\/v2\/pages\/825\/revisions"}],"predecessor-version":[{"id":829,"href":"https:\/\/jbh-bolivien.de\/de\/wp-json\/wp\/v2\/pages\/825\/revisions\/829"}],"wp:attachment":[{"href":"https:\/\/jbh-bolivien.de\/de\/wp-json\/wp\/v2\/media?parent=825"}],"curies":[{"name":"wp","href":"https:\/\/api.w.org\/{rel}","templated":true}]}}