{"id":82,"date":"2017-04-11T19:07:46","date_gmt":"2017-04-11T17:07:46","guid":{"rendered":"http:\/\/s522773432.online.de\/de\/?page_id=82"},"modified":"2025-06-09T20:24:29","modified_gmt":"2025-06-09T18:24:29","slug":"projektpartner","status":"publish","type":"page","link":"https:\/\/jbh-bolivien.de\/de\/projekte\/projektpartner\/","title":{"rendered":"Projektpartner"},"content":{"rendered":"<p>Mit einigen unserer Projektpartner arbeiten wir schon seit vielen Jahren zusammen, teilweise sogar seit Jahrzehnten. Trotzdem sind wir immer auf der Suche nach neuen Projekten &#8211; manche sind nur f\u00fcr eine kurze Zeit aktiv, andere etablieren sich und werden immer wieder von uns unterst\u00fctzt. Da unsere Vereins- und Vorstandsmitglieder regelm\u00e4\u00dfig nach Bolivien reisen, besteht ein enger pers\u00f6nlicher Kontakt zu unseren Partnern.<\/p>\n<p>Unsere Projektf\u00f6rderung gliedert sich in zwei Bereiche:<\/p>\n<p>F\u00f6rderung einzelner Unterprojekte:<br \/>\nEs ist uns sehr wichtig, dass unsere Projektpartner nicht von uns abh\u00e4ngig werden, da wir ein kleiner Verein sind und auch schon schwere Zeiten durchgestanden haben. Aus diesem Grund f\u00f6rdern wir mit von uns angeworbenen Spenden nur kleinere, abgeschlossene Unterprojekte einer Organisation bzw. Privatperson.<\/p>\n<p>Weiterleitung zweckgebundener Spenden:<br \/>\nDar\u00fcber hinaus stellen wir unsere Infrastruktur als eingetragener Verein zur Verf\u00fcgung: Einige unserer Partnerprojekte werben selbstst\u00e4ndig Spenden f\u00fcr ihre laufenden Kosten in Deutschland an bzw. haben Kontaktpersonen in Deutschland, die das f\u00fcr sie tun. Wir nehmen diese Spenden entgegen, stellen Spendenbescheinigungen aus, leiten sie an den Projektpartner weiter und \u00fcberpr\u00fcfen mit Berichten und Abrechnungen, dass sie sinngem\u00e4\u00df verwendet wurden.<\/p>\n<p>Wenn Sie uns ein neues Projekt vorschlagen m\u00f6chten, finden Sie alle weiteren Informationen unter <a href=\"https:\/\/jbh-bolivien.de\/de\/projekte\/antraege\/\">Antr\u00e4ge<\/a>!<\/p>\n<p>&nbsp;<\/p>\n<p>Liste unserer Projektpartner<br \/>\n(Es sind nur diejenigen aufgef\u00fchrt, mit denen wir schon mehrere Jahre zusammenarbeiten)<\/p>\n<table>\n<tbody>\n<tr>\n<td><a href=\"https:\/\/jbh-bolivien.de\/de\/projekte\/projektpartner\/canto-sur\/\"><img loading=\"lazy\" decoding=\"async\" class=\"alignnone wp-image-583 size-medium\" src=\"http:\/\/jbh-bolivien.de\/de\/wp-content\/uploads\/sites\/2\/2017\/04\/IMG_2794_2-1-300x200.jpg\" alt=\"\" width=\"300\" height=\"200\" srcset=\"https:\/\/jbh-bolivien.de\/de\/wp-content\/uploads\/sites\/2\/2017\/04\/IMG_2794_2-1-300x200.jpg 300w, https:\/\/jbh-bolivien.de\/de\/wp-content\/uploads\/sites\/2\/2017\/04\/IMG_2794_2-1-768x512.jpg 768w, https:\/\/jbh-bolivien.de\/de\/wp-content\/uploads\/sites\/2\/2017\/04\/IMG_2794_2-1-1024x683.jpg 1024w\" sizes=\"auto, (max-width: 300px) 100vw, 300px\" \/><\/a><\/td>\n<td>\n<h2><a href=\"https:\/\/jbh-bolivien.de\/de\/projekte\/projektpartner\/canto-sur\/\">Canto Sur<\/a><\/h2>\n<p>Musikprojekt in Sucre<\/td>\n<\/tr>\n<tr>\n<td><img loading=\"lazy\" decoding=\"async\" class=\"alignnone wp-image-1217 \" src=\"https:\/\/jbh-bolivien.de\/de\/wp-content\/uploads\/sites\/2\/2023\/09\/Pflanzen-400x300.jpg\" alt=\"\" width=\"300\" height=\"225\" srcset=\"https:\/\/jbh-bolivien.de\/de\/wp-content\/uploads\/sites\/2\/2023\/09\/Pflanzen-400x300.jpg 400w, https:\/\/jbh-bolivien.de\/de\/wp-content\/uploads\/sites\/2\/2023\/09\/Pflanzen-1024x768.jpg 1024w, https:\/\/jbh-bolivien.de\/de\/wp-content\/uploads\/sites\/2\/2023\/09\/Pflanzen-768x576.jpg 768w, https:\/\/jbh-bolivien.de\/de\/wp-content\/uploads\/sites\/2\/2023\/09\/Pflanzen-1536x1152.jpg 1536w, https:\/\/jbh-bolivien.de\/de\/wp-content\/uploads\/sites\/2\/2023\/09\/Pflanzen.jpg 1600w\" sizes=\"auto, (max-width: 300px) 100vw, 300px\" \/><\/td>\n<td>\n<h2><a href=\"https:\/\/jbh-bolivien.de\/de\/projekte\/projektpartner\/cej-cajamarca\/\">CEJ Cajamarca<\/a><\/h2>\n<p>\u00d6kologisches Jugendzentrum ca. 30 km von Sucre entfernt<\/td>\n<\/tr>\n<tr>\n<td><img loading=\"lazy\" decoding=\"async\" class=\"alignnone size-medium wp-image-382\" src=\"https:\/\/jbh-bolivien.de\/de\/wp-content\/uploads\/sites\/2\/2017\/08\/masis1-300x214.jpg\" alt=\"\" width=\"300\" height=\"214\" srcset=\"https:\/\/jbh-bolivien.de\/de\/wp-content\/uploads\/sites\/2\/2017\/08\/masis1-300x214.jpg 300w, https:\/\/jbh-bolivien.de\/de\/wp-content\/uploads\/sites\/2\/2017\/08\/masis1.jpg 700w\" sizes=\"auto, (max-width: 300px) 100vw, 300px\" \/><\/td>\n<td>\n<h2><a href=\"https:\/\/jbh-bolivien.de\/de\/projekte\/projektpartner\/centro-cultural-masis\/\">Centro Cultural Masis<\/a><\/h2>\n<p>Musikprojekt in Sucre<\/td>\n<\/tr>\n<tr>\n<td><img loading=\"lazy\" decoding=\"async\" class=\"alignnone size-medium wp-image-415\" src=\"https:\/\/jbh-bolivien.de\/de\/wp-content\/uploads\/sites\/2\/2017\/08\/IMG_8170-300x214.jpg\" alt=\"\" width=\"300\" height=\"214\" srcset=\"https:\/\/jbh-bolivien.de\/de\/wp-content\/uploads\/sites\/2\/2017\/08\/IMG_8170-300x214.jpg 300w, https:\/\/jbh-bolivien.de\/de\/wp-content\/uploads\/sites\/2\/2017\/08\/IMG_8170.jpg 700w\" sizes=\"auto, (max-width: 300px) 100vw, 300px\" \/><\/td>\n<td>\n<h2><a href=\"https:\/\/jbh-bolivien.de\/de\/projekte\/projektpartner\/centro-de-amistad-y-de-apoyo\/\">Centro de Amistad y Apoyo<\/a><\/h2>\n<p>Nachmittagsbetreuung f\u00fcr Schulkinder in Cochabamba<\/td>\n<\/tr>\n<tr>\n<td>&nbsp;<a href=\"https:\/\/jbh-bolivien.de\/de\/projekte\/projektpartner\/elijo-la-vida\/\"><img loading=\"lazy\" decoding=\"async\" class=\"alignnone wp-image-423 size-medium\" src=\"http:\/\/jbh-bolivien.de\/de\/wp-content\/uploads\/sites\/2\/2017\/04\/IMG_6759-300x225.jpg\" alt=\"\" width=\"300\" height=\"225\" srcset=\"https:\/\/jbh-bolivien.de\/de\/wp-content\/uploads\/sites\/2\/2017\/04\/IMG_6759-300x225.jpg 300w, https:\/\/jbh-bolivien.de\/de\/wp-content\/uploads\/sites\/2\/2017\/04\/IMG_6759-768x576.jpg 768w, https:\/\/jbh-bolivien.de\/de\/wp-content\/uploads\/sites\/2\/2017\/04\/IMG_6759-1024x768.jpg 1024w\" sizes=\"auto, (max-width: 300px) 100vw, 300px\" \/><\/a><\/td>\n<td>\n<h2><a href=\"https:\/\/jbh-bolivien.de\/de\/projekte\/projektpartner\/elijo-la-vida\/\">Elijo la Vida<\/a><\/h2>\n<p>Unterst\u00fctzung junger M\u00fctter, medizinische Aufkl\u00e4rung und Sterbebegleitung in Cochabamba<\/td>\n<\/tr>\n<tr>\n<td><img loading=\"lazy\" decoding=\"async\" class=\"alignnone  wp-image-1395\" src=\"https:\/\/jbh-bolivien.de\/de\/wp-content\/uploads\/sites\/2\/2025\/06\/signal-2025-06-09-16-27-52-709-1-400x300.jpg\" alt=\"\" width=\"308\" height=\"231\" srcset=\"https:\/\/jbh-bolivien.de\/de\/wp-content\/uploads\/sites\/2\/2025\/06\/signal-2025-06-09-16-27-52-709-1-400x300.jpg 400w, https:\/\/jbh-bolivien.de\/de\/wp-content\/uploads\/sites\/2\/2025\/06\/signal-2025-06-09-16-27-52-709-1-1024x768.jpg 1024w, https:\/\/jbh-bolivien.de\/de\/wp-content\/uploads\/sites\/2\/2025\/06\/signal-2025-06-09-16-27-52-709-1-768x576.jpg 768w, https:\/\/jbh-bolivien.de\/de\/wp-content\/uploads\/sites\/2\/2025\/06\/signal-2025-06-09-16-27-52-709-1-1536x1152.jpg 1536w, https:\/\/jbh-bolivien.de\/de\/wp-content\/uploads\/sites\/2\/2025\/06\/signal-2025-06-09-16-27-52-709-1-2048x1536.jpg 2048w\" sizes=\"auto, (max-width: 308px) 100vw, 308px\" \/><\/td>\n<td>\n<h2><a href=\"https:\/\/jbh-bolivien.de\/de\/projekte\/projektpartner\/nueva-esperanza\/\">Nueva Esperanza<\/a><\/h2>\n<p>Selbsthilfegruppe von K\u00f6rperbehinderten f\u00fcr ein selbstbestimmtes Leben in Sucre<\/td>\n<\/tr>\n<tr>\n<td><img loading=\"lazy\" decoding=\"async\" class=\"alignnone size-medium wp-image-474\" src=\"https:\/\/jbh-bolivien.de\/de\/wp-content\/uploads\/sites\/2\/2017\/08\/IMG_6430-300x214.jpg\" alt=\"\" width=\"300\" height=\"214\" srcset=\"https:\/\/jbh-bolivien.de\/de\/wp-content\/uploads\/sites\/2\/2017\/08\/IMG_6430-300x214.jpg 300w, https:\/\/jbh-bolivien.de\/de\/wp-content\/uploads\/sites\/2\/2017\/08\/IMG_6430.jpg 700w\" sizes=\"auto, (max-width: 300px) 100vw, 300px\" \/><\/td>\n<td>\n<h2><a href=\"https:\/\/jbh-bolivien.de\/de\/projekte\/projektpartner\/taller-protegido\/\">Taller Protegido<\/a><\/h2>\n<p>Arbeitstherapeutische Werkstatt f\u00fcr geistig behinderte Erwachsene in Sucre<\/td>\n<\/tr>\n<tr>\n<td><img loading=\"lazy\" decoding=\"async\" class=\"size-medium wp-image-509\" src=\"https:\/\/jbh-bolivien.de\/de\/wp-content\/uploads\/sites\/2\/2017\/08\/IMG_6235-300x214.jpg\" alt=\"\" width=\"300\" height=\"214\" srcset=\"https:\/\/jbh-bolivien.de\/de\/wp-content\/uploads\/sites\/2\/2017\/08\/IMG_6235-300x214.jpg 300w, https:\/\/jbh-bolivien.de\/de\/wp-content\/uploads\/sites\/2\/2017\/08\/IMG_6235.jpg 700w\" sizes=\"auto, (max-width: 300px) 100vw, 300px\" \/><\/td>\n<td>\n<h2><a href=\"https:\/\/jbh-bolivien.de\/de\/projekte\/projektpartner\/yanapasayku\/\">Sol en Casa &#8211; Yanapasayku<\/a><\/h2>\n<p>Therapiezentrum f\u00fcr geistig behinderte Kinder und Jugendliche in Sucre<\/td>\n<\/tr>\n<\/tbody>\n<\/table>\n<p>\u200b<\/p>\n<p>&nbsp;<\/p>\n","protected":false},"excerpt":{"rendered":"<p>Mit einigen unserer Projektpartner arbeiten wir schon seit vielen Jahren zusammen, teilweise sogar seit Jahrzehnten. Trotzdem sind wir immer auf der Suche nach neuen Projekten &#8211; manche sind nur f\u00fcr eine kurze Zeit aktiv, andere etablieren sich und werden immer <span class=\"excerpt-dots\">&hellip;<\/span> <a class=\"more-link\" href=\"https:\/\/jbh-bolivien.de\/de\/projekte\/projektpartner\/\"><span class=\"more-msg\">Weiterlesen &rarr;<\/span><\/a><\/p>\n","protected":false},"author":1,"featured_media":0,"parent":52,"menu_order":30,"comment_status":"closed","ping_status":"closed","template":"","meta":{"ngg_post_thumbnail":0,"footnotes":""},"class_list":["post-82","page","type-page","status-publish","hentry"],"_links":{"self":[{"href":"https:\/\/jbh-bolivien.de\/de\/wp-json\/wp\/v2\/pages\/82","targetHints":{"allow":["GET"]}}],"collection":[{"href":"https:\/\/jbh-bolivien.de\/de\/wp-json\/wp\/v2\/pages"}],"about":[{"href":"https:\/\/jbh-bolivien.de\/de\/wp-json\/wp\/v2\/types\/page"}],"author":[{"embeddable":true,"href":"https:\/\/jbh-bolivien.de\/de\/wp-json\/wp\/v2\/users\/1"}],"replies":[{"embeddable":true,"href":"https:\/\/jbh-bolivien.de\/de\/wp-json\/wp\/v2\/comments?post=82"}],"version-history":[{"count":15,"href":"https:\/\/jbh-bolivien.de\/de\/wp-json\/wp\/v2\/pages\/82\/revisions"}],"predecessor-version":[{"id":1407,"href":"https:\/\/jbh-bolivien.de\/de\/wp-json\/wp\/v2\/pages\/82\/revisions\/1407"}],"up":[{"embeddable":true,"href":"https:\/\/jbh-bolivien.de\/de\/wp-json\/wp\/v2\/pages\/52"}],"wp:attachment":[{"href":"https:\/\/jbh-bolivien.de\/de\/wp-json\/wp\/v2\/media?parent=82"}],"curies":[{"name":"wp","href":"https:\/\/api.w.org\/{rel}","templated":true}]}}