{"id":79,"date":"2017-04-11T19:05:59","date_gmt":"2017-04-11T17:05:59","guid":{"rendered":"http:\/\/s522773432.online.de\/de\/?page_id=79"},"modified":"2024-12-27T18:02:38","modified_gmt":"2024-12-27T17:02:38","slug":"links","status":"publish","type":"page","link":"https:\/\/jbh-bolivien.de\/de\/links\/","title":{"rendered":"Links"},"content":{"rendered":"<div>\n<div>Seiten unserer Projekt-Partner:<\/div>\n<ul>\n<li><a href=\"https:\/\/losmasis.org\/\" target=\"_blank\" rel=\"noopener noreferrer\">Centro Cultural Masis <\/a><\/li>\n<li><a href=\"https:\/\/www.cajamarca-bolivien.de\/\" target=\"_blank\" rel=\"noopener noreferrer\">Centro Ecol\u00f3gico Juvenil (CEJ) <\/a><\/li>\n<li><a href=\"https:\/\/www.facebook.com\/Asociaci%C3%B3n-de-Personas-con-Discapacidad-F%C3%ADsica-Nueva-Esperanza-164855811014205\/\" target=\"_blank\" rel=\"noopener noreferrer\">Nueva Esperanza (Facebook-Seite)<\/a><\/li>\n<li><a href=\"http:\/\/www.yanapasayku.de\" target=\"_blank\" rel=\"noopener noreferrer\">Sol en Casa &#8211; Yanapasayku <\/a><\/li>\n<li>Taller Protegido (zur Zeit au\u00dfer Betrieb)<\/li>\n<\/ul>\n<p>&nbsp;<\/p>\n<p>Seiten befreundeter Vereine und Institutionen:<\/p>\n<\/div>\n<ul>\n<li><a href=\"https:\/\/www.bolivien-bruecke.de\/\" target=\"_blank\" rel=\"noopener noreferrer\"> Bolivien-Br\u00fccke <\/a><br \/>\nVerein aus dem Raum Aachen\/Eifel, entsendet auch Freiwillige (u.a. auch zu JBH-Projektpartnern)<\/li>\n<li><a href=\"https:\/\/www.hostellingbolivia.org\/\" target=\"_blank\" rel=\"noopener noreferrer\">Hostelling International Bolivia <\/a><br \/>\nBolivianischer Jugendherbergsverband, ist auch in Hilfsprojekten engagiert und empf\u00e4ngt dort Freiwillige (unter anderem auch bei JBH-Projektpartnern)<\/li>\n<li><a href=\"http:\/\/www.intiruna.org\/\" target=\"_blank\" rel=\"noopener noreferrer\">Inti Runa <\/a><br \/>\nSchwesterverein aus S\u00fcdhessen, zur Zeit u.a. aktiv im Kinderheim &#8222;Tres Soles&#8220; in Cochabamba; Herausgeber eines k\u00fcnstlerischen Fotokalenders mit bolivianischen Motiven<\/li>\n<li><a href=\"http:\/\/www.bolivien-netz.org\/\" target=\"_blank\" rel=\"noopener noreferrer\">Bolivien-Netz <\/a><br \/>\nVerein ehemaliger Freiwilliger<\/li>\n<li><a href=\"https:\/\/www.club-illimani.de\/\" target=\"_blank\" rel=\"noopener noreferrer\"> Club Illimani <\/a><br \/>\nDeutsch-Bolivianischer Freundeskreis M\u00fcnchen<\/li>\n<li><a href=\"https:\/\/www.epn-hessen.de\/\" target=\"_blank\" rel=\"noopener noreferrer\"> Entwicklungspolitisches Netzwerk (EPN) Hessen <\/a><br \/>\nDachverband entwicklungspolitisch engagierter Gruppen in Hessen<\/li>\n<li><a href=\"https:\/\/www.icba-sucre.edu.bo\/\" target=\"_blank\" rel=\"noopener noreferrer\"> ICBA Sucre <\/a><br \/>\nInstituto Cultural Boliviano-Alem\u00e1n &#8211; Deutsch-Bolivianisches Institut in Sucre; hier befindet sich auch das Ecomuseo, das vom JBH unterst\u00fctzt wurde<\/li>\n<li><a href=\"https:\/\/www.sternsinger.de\/\" target=\"_blank\" rel=\"noopener noreferrer\"> Kindermissionswerk &#8222;Die Sternsinger&#8220; <\/a><br \/>\nDas Kinderhilfswerk der katholischen Kirche in Deutschland mit Sitz in Aachen<\/li>\n<\/ul>\n<p>&nbsp;<\/p>\n<div>Informationen \u00fcber Bolivien bzw. Zeitungen und Zeitschriften:<\/div>\n<ul>\n<li><a href=\"https:\/\/www.npla.de\" target=\"_blank\" rel=\"noopener noreferrer\"> Nachrichtenpool Lateinamerika <\/a><br \/>\nNachrichtenportal zu Lateinamerika<\/li>\n<li><a href=\"https:\/\/www.giz.de\/de\/weltweit\/389.html\" target=\"_blank\" rel=\"noopener noreferrer\"> GIZ Bolivien <\/a><br \/>\nL\u00e4nderinformationsportal der GIZ zu Bolivien<\/li>\n<li><a href=\"http:\/\/bolivianet.com\/noticias\/\" target=\"_blank\" rel=\"noopener noreferrer\"> Noticias de Bolivia <\/a><br \/>\n\u00dcbersicht \u00fcber alle wichtigen bolivianischen Tageszeitungen (spanisch)<\/li>\n<li><a href=\"https:\/\/www.correodelsur.com\" target=\"_blank\" rel=\"noopener noreferrer\"> Correo del Sur <\/a><br \/>\nTageszeitung aus Sucre (spanisch)<\/li>\n<li><a href=\"https:\/\/www.la-razon.com\" target=\"_blank\" rel=\"noopener noreferrer\"> La Raz\u00f3n <\/a><br \/>\nTageszeitung aus La Paz (spanisch)<\/li>\n<li><a href=\"https:\/\/www.lostiempos.com\" target=\"_blank\" rel=\"noopener noreferrer\"> Los Tiempos <\/a><br \/>\nTageszeitung aus Cochabamba (spanisch)<\/li>\n<\/ul>\n<p>&nbsp;<\/p>\n<div id=\"freiwillige\">Links f\u00fcr interessierte Freiwillige:<\/div>\n<ul>\n<li><a href=\"https:\/\/www.bolivien-bruecke.de\/\" target=\"_blank\" rel=\"noopener noreferrer\"> Bolivien-Br\u00fccke <\/a><br \/>\nHier werden Freiwilligendienste in Sucre angeboten, zum Teil in unseren Projekten.<\/li>\n<li><a href=\"https:\/\/www.cajamarca-bolivien.de\/\" target=\"_blank\" rel=\"noopener noreferrer\"> Centro Ecol\u00f3gico Juvenil (CEJ) <\/a><br \/>\nFreiwilligendienste werden \u00fcber Hostelling International Bolivia vermittelt.<\/li>\n<li><a href=\"https:\/\/www.hostellingbolivia.org\/\" target=\"_blank\" rel=\"noopener noreferrer\"> Hostelling International Bolivia <\/a><br \/>\nBietet verschiedenene, l\u00e4ngere und k\u00fcrzere Freiwilligenaufenthalte in ganz Bolivien an.<\/li>\n<li><a href=\"https:\/\/www.weltwaerts.de\/\" target=\"_blank\" rel=\"noopener noreferrer\"> Weltw\u00e4rts <\/a><br \/>\nEin Programm des Bundesministeriums f\u00fcr wirtschaftliche Zusammenarbeit und Entwicklung f\u00fcr Freiwilligendienste in Entwicklungsl\u00e4ndern<\/li>\n<li><a href=\"https:\/\/www.ijfd-info.de\/startseite.html\" target=\"_blank\" rel=\"noopener noreferrer\">IJFD<\/a><br \/>\nEin Programm des Bundesministeriums f\u00fcr Familie, Senioren, Frauen und Jugend f\u00fcr Freiwilligendienste im Ausland<\/li>\n<li><a href=\"http:\/\/www.bolivien-netz.org\/\" target=\"_blank\" rel=\"noopener noreferrer\"> Bolivien-Netz <\/a><br \/>\nVerein ehemaliger Freiwilliger in Bolivien. Sie bieten unter anderem auch Vorbereitungsseminare an.<\/li>\n<li><a href=\"https:\/\/www.volunta.de\/\" target=\"_blank\" rel=\"noopener noreferrer\"> Volunta gGmbH <\/a><br \/>\nGeh\u00f6rt zum DRK Hessen und bietet unter anderem verschiedene Freiwilligendienste in Bolivien an.<\/li>\n<\/ul>\n<p>&nbsp;<\/p>\n<p>Stand der Links: Mai 2020<\/p>\n","protected":false},"excerpt":{"rendered":"<p>Seiten unserer Projekt-Partner: Centro Cultural Masis Centro Ecol\u00f3gico Juvenil (CEJ) Nueva Esperanza (Facebook-Seite) Sol en Casa &#8211; Yanapasayku Taller Protegido (zur Zeit au\u00dfer Betrieb) &nbsp; Seiten befreundeter Vereine und Institutionen: Bolivien-Br\u00fccke Verein aus dem Raum Aachen\/Eifel, entsendet auch Freiwillige (u.a. <span class=\"excerpt-dots\">&hellip;<\/span> <a class=\"more-link\" href=\"https:\/\/jbh-bolivien.de\/de\/links\/\"><span class=\"more-msg\">Weiterlesen &rarr;<\/span><\/a><\/p>\n","protected":false},"author":1,"featured_media":737,"parent":0,"menu_order":60,"comment_status":"closed","ping_status":"closed","template":"","meta":{"ngg_post_thumbnail":0,"footnotes":""},"class_list":["post-79","page","type-page","status-publish","has-post-thumbnail","hentry"],"_links":{"self":[{"href":"https:\/\/jbh-bolivien.de\/de\/wp-json\/wp\/v2\/pages\/79","targetHints":{"allow":["GET"]}}],"collection":[{"href":"https:\/\/jbh-bolivien.de\/de\/wp-json\/wp\/v2\/pages"}],"about":[{"href":"https:\/\/jbh-bolivien.de\/de\/wp-json\/wp\/v2\/types\/page"}],"author":[{"embeddable":true,"href":"https:\/\/jbh-bolivien.de\/de\/wp-json\/wp\/v2\/users\/1"}],"replies":[{"embeddable":true,"href":"https:\/\/jbh-bolivien.de\/de\/wp-json\/wp\/v2\/comments?post=79"}],"version-history":[{"count":4,"href":"https:\/\/jbh-bolivien.de\/de\/wp-json\/wp\/v2\/pages\/79\/revisions"}],"predecessor-version":[{"id":1009,"href":"https:\/\/jbh-bolivien.de\/de\/wp-json\/wp\/v2\/pages\/79\/revisions\/1009"}],"wp:featuredmedia":[{"embeddable":true,"href":"https:\/\/jbh-bolivien.de\/de\/wp-json\/wp\/v2\/media\/737"}],"wp:attachment":[{"href":"https:\/\/jbh-bolivien.de\/de\/wp-json\/wp\/v2\/media?parent=79"}],"curies":[{"name":"wp","href":"https:\/\/api.w.org\/{rel}","templated":true}]}}