{"id":65,"date":"2017-04-11T18:48:46","date_gmt":"2017-04-11T16:48:46","guid":{"rendered":"http:\/\/s522773432.online.de\/de\/?page_id=65"},"modified":"2025-02-08T19:06:38","modified_gmt":"2025-02-08T18:06:38","slug":"beitritt","status":"publish","type":"page","link":"https:\/\/jbh-bolivien.de\/de\/verein\/beitritt\/","title":{"rendered":"Beitritt"},"content":{"rendered":"<div class=\"wp-block-image size-medium wp-image-726\">\n<figure class=\"alignright\"><img loading=\"lazy\" decoding=\"async\" width=\"400\" height=\"300\" src=\"http:\/\/s522773432.online.de\/de\/wp-content\/uploads\/sites\/2\/2017\/04\/JBH-Treffen-2009-006-400x300.jpg\" alt=\"\" class=\"wp-image-726\" srcset=\"https:\/\/jbh-bolivien.de\/de\/wp-content\/uploads\/sites\/2\/2017\/04\/JBH-Treffen-2009-006-400x300.jpg 400w, https:\/\/jbh-bolivien.de\/de\/wp-content\/uploads\/sites\/2\/2017\/04\/JBH-Treffen-2009-006-768x576.jpg 768w, https:\/\/jbh-bolivien.de\/de\/wp-content\/uploads\/sites\/2\/2017\/04\/JBH-Treffen-2009-006-1024x768.jpg 1024w, https:\/\/jbh-bolivien.de\/de\/wp-content\/uploads\/sites\/2\/2017\/04\/JBH-Treffen-2009-006.jpg 1600w\" sizes=\"auto, (max-width: 400px) 100vw, 400px\" \/><figcaption class=\"wp-element-caption\">Spannende Diskussionen am Rande des JBH-Treffens<\/figcaption><\/figure>\n<\/div>\n\n\n<p>Wir freuen uns sehr, Sie\/Dich in unserem Verein willkommen zu hei\u00dfen!<br>Es ist eine sehr gute M\u00f6glichkeit, soziale Projekte in Bolivien dauerhaft zu unterst\u00fctzen. Da wir alle ehrenamtlich t\u00e4tig sind, haben wir nur sehr geringe Verwaltungskosten. Die Mitgliedschaft beinhaltet regelm\u00e4\u00dfige Informationen \u00fcber die Projekte des Vereins, mindestens zweimal im Jahr mit dem JBH-Brief. Einmal im Jahr, immer Ende Oktober\/Anfang November, finden unsere JBH-Treffen statt, \u00fcber die wir im JBH-Brief informieren und zu denen wir dann gesondert einladen. Alle zwei Jahre findet auch die Vereinsversammlung statt, bei der ein neuer Vorstand gew\u00e4hlt wird und andere, den Verein betreffende Entscheidungen getroffen werden.<\/p>\n\n\n\n<p>Der Vereinsbeitrag betr\u00e4gt im Moment 48\u20ac im Jahr, also 4\u20ac im Monat. Die erm\u00e4\u00dfigte Mitgliedschaft f\u00fcr Sch\u00fcler und Studenten betr\u00e4gt 16\u20ac. Der Betrag kann nat\u00fcrlich beliebig aufgerundet und entweder einmal im Jahr \u00fcberwiesen oder \u00fcber eine Einzugserm\u00e4chtigung eingezogen werden.<br>Da wir ein eingetragener Verein sind, k\u00f6nnen der Vereinsbeitrag und alle Spenden von der Steuer abgesetzt werden. Bis 300\u20ac gen\u00fcgt dem Finanzamt die Vorlage des Kontoauszugs, bei gr\u00f6\u00dferen Betr\u00e4gen wird von uns jeweils Anfang des darauf folgenden Jahres eine Spendenbescheinigung zugesendet. Fragen hierzu beantwortet auch gerne <a href=\"https:\/\/jbh-bolivien.de\/de\/kontakt\/\" target=\"_blank\" rel=\"noreferrer noopener\">der Vorstand<\/a>.<\/p>\n\n\n\n<p><\/p>\n\n\n\n<p>Bitte f\u00fcllen Sie einfach das unten stehende Formular aus und senden es an die dort genannte Adresse!<\/p>\n\n\n\n<p><strong><span style=\"font-size: 14pt\"><a href=\"https:\/\/jbh-bolivien.de\/de\/wp-content\/uploads\/sites\/2\/2023\/04\/JBH_Beitrittserklaerung_2023.pdf\" target=\"_blank\" rel=\"noreferrer noopener\">Beitrittserkl\u00e4rung<\/a><\/span><\/strong><\/p>\n","protected":false},"excerpt":{"rendered":"<p>Wir freuen uns sehr, Sie\/Dich in unserem Verein willkommen zu hei\u00dfen!Es ist eine sehr gute M\u00f6glichkeit, soziale Projekte in Bolivien dauerhaft zu unterst\u00fctzen. Da wir alle ehrenamtlich t\u00e4tig sind, haben wir nur sehr geringe Verwaltungskosten. Die Mitgliedschaft beinhaltet regelm\u00e4\u00dfige Informationen <span class=\"excerpt-dots\">&hellip;<\/span> <a class=\"more-link\" href=\"https:\/\/jbh-bolivien.de\/de\/verein\/beitritt\/\"><span class=\"more-msg\">Weiterlesen &rarr;<\/span><\/a><\/p>\n","protected":false},"author":1,"featured_media":724,"parent":50,"menu_order":2,"comment_status":"closed","ping_status":"closed","template":"","meta":{"ngg_post_thumbnail":0,"footnotes":""},"class_list":["post-65","page","type-page","status-publish","has-post-thumbnail","hentry"],"_links":{"self":[{"href":"https:\/\/jbh-bolivien.de\/de\/wp-json\/wp\/v2\/pages\/65","targetHints":{"allow":["GET"]}}],"collection":[{"href":"https:\/\/jbh-bolivien.de\/de\/wp-json\/wp\/v2\/pages"}],"about":[{"href":"https:\/\/jbh-bolivien.de\/de\/wp-json\/wp\/v2\/types\/page"}],"author":[{"embeddable":true,"href":"https:\/\/jbh-bolivien.de\/de\/wp-json\/wp\/v2\/users\/1"}],"replies":[{"embeddable":true,"href":"https:\/\/jbh-bolivien.de\/de\/wp-json\/wp\/v2\/comments?post=65"}],"version-history":[{"count":12,"href":"https:\/\/jbh-bolivien.de\/de\/wp-json\/wp\/v2\/pages\/65\/revisions"}],"predecessor-version":[{"id":1369,"href":"https:\/\/jbh-bolivien.de\/de\/wp-json\/wp\/v2\/pages\/65\/revisions\/1369"}],"up":[{"embeddable":true,"href":"https:\/\/jbh-bolivien.de\/de\/wp-json\/wp\/v2\/pages\/50"}],"wp:featuredmedia":[{"embeddable":true,"href":"https:\/\/jbh-bolivien.de\/de\/wp-json\/wp\/v2\/media\/724"}],"wp:attachment":[{"href":"https:\/\/jbh-bolivien.de\/de\/wp-json\/wp\/v2\/media?parent=65"}],"curies":[{"name":"wp","href":"https:\/\/api.w.org\/{rel}","templated":true}]}}