{"id":63,"date":"2017-04-11T18:48:13","date_gmt":"2017-04-11T16:48:13","guid":{"rendered":"http:\/\/s522773432.online.de\/de\/?page_id=63"},"modified":"2024-12-27T16:42:53","modified_gmt":"2024-12-27T15:42:53","slug":"geschichte","status":"publish","type":"page","link":"https:\/\/jbh-bolivien.de\/de\/verein\/geschichte\/","title":{"rendered":"Geschichte"},"content":{"rendered":"<p>Der gemeinn\u00fctzige Verein \u201eJugend \u2013 Bildung \u2013 Hilfe in Bolivien\u201c entstand 1964 aus der Initiative der Lehrer*innen einer bolivianisch-deutschen Modellschule in Sucre (Colegio Alem\u00e1n Sucre) und ihrer Freunde und Angeh\u00f6rigen in Deutschland. Die Absicht waren zun\u00e4chst erg\u00e4nzende Bildungsangebote zum bestehenden Schulsystem, besonders aber in der Erwachsenenbildung f\u00fcr Multiplikatoren aus der unterpriviligierten Landbev\u00f6lkerung anzubieten.<\/p>\n<p>Mit Spenden u.a. durch die die deutschen Pfadfinder*innenb\u00fcnde konnte die ehemalige, nach der Landreform stark verkleinerte Hazienda Cachimayu gekauft werden. In diesem Schulungs- und Begegnungszentrum fand eine Vielzahl von Fortbildungskursen mit Themen der Sozialarbeit, P\u00e4dagogik, Landwirtschaft und Gesundheit statt.<\/p>\n<p>Durch das gro\u00dfe Engagement, vorallem des Netzwerkes rund um das Colegio Aleman und des Deutschen Entwicklungsdienstes, (DED) und mithilfe von Zusch\u00fcssen des Ministeriums f\u00fcr wirtschaftliche Zusammenarbeit aus der BRD, konnten 1966 die Angebote gemeinsam mit der Landbev\u00f6lkerung vorort intensiviert und sogar auf andere Orte ausgedehnt werden.<\/p>\n<p>In Deutschland machte der JBH Verein \u00d6ffentlichkeitsarbeit, suchte Finanzquellen, f\u00f6rderte und betreute Stipendiaten und vermittelte Spenden und Zusch\u00fcsse. Unser Partner in Bolivien war das \u201eCentro de Entrenamiento Juvenil\u201c , &#8211; spezialisiert auf Erwachsenenbildung.<\/p>\n<p>In den achtziger Jahren wurde Cachimayu an den bolivianischen Staat \u00fcbergeben, der es leider nicht als Fortbildungszentrum weiterf\u00fchrte. Der JBH beschloss daraufhin auch andere Projekte und Initiativen zu unterst\u00fctzten, &#8211; jeweils mit Bezug zu unseren Kernthemen \u201eJugend\u201c und\/oder \u201eBildung\u201c. W\u00e4hrend der Verein in den Anfangsjahren der Tr\u00e4gerverein eines einziges (sehr umfangreichen) Projektes war, f\u00f6rdern wir heute eine Vielzahl von Ma\u00dfnahmen und Gruppen (in Bereichen wie \u00d6kologie, Kultur, Bildung, Gesundheit und vieles mehr).<\/p>\n<p style=\"text-align: justify\"><img loading=\"lazy\" decoding=\"async\" class=\"wp-image-685 size-full aligncenter\" src=\"https:\/\/jbh-bolivien.de\/de\/wp-content\/uploads\/sites\/2\/2017\/04\/geschichte2.gif\" alt=\"\" width=\"195\" height=\"198\"><\/p>\n<p style=\"text-align: justify\">&nbsp;<\/p>\n<div id=\"attachment_688\" style=\"width: 610px\" class=\"wp-caption aligncenter\"><img loading=\"lazy\" decoding=\"async\" aria-describedby=\"caption-attachment-688\" class=\"wp-image-688\" src=\"http:\/\/s522773432.online.de\/de\/wp-content\/uploads\/sites\/2\/2017\/04\/11_IMG_6784-400x267.jpg\" alt=\"\" width=\"600\" height=\"400\" srcset=\"https:\/\/jbh-bolivien.de\/de\/wp-content\/uploads\/sites\/2\/2017\/04\/11_IMG_6784-400x267.jpg 400w, https:\/\/jbh-bolivien.de\/de\/wp-content\/uploads\/sites\/2\/2017\/04\/11_IMG_6784-768x512.jpg 768w, https:\/\/jbh-bolivien.de\/de\/wp-content\/uploads\/sites\/2\/2017\/04\/11_IMG_6784-1024x683.jpg 1024w\" sizes=\"auto, (max-width: 600px) 100vw, 600px\" \/><p id=\"caption-attachment-688\" class=\"wp-caption-text\">Unsere Gr\u00fcndergeneration ist nach wie vor aktiv und hat viele spannende Geschichten zu erz\u00e4hlen &#8211; hier beim 50-j\u00e4hrigen Jubil\u00e4um des JBH 2014<\/p><\/div>\n<p style=\"text-align: justify\">&nbsp;<\/p>\n","protected":false},"excerpt":{"rendered":"<p>Der gemeinn\u00fctzige Verein \u201eJugend \u2013 Bildung \u2013 Hilfe in Bolivien\u201c entstand 1964 aus der Initiative der Lehrer*innen einer bolivianisch-deutschen Modellschule in Sucre (Colegio Alem\u00e1n Sucre) und ihrer Freunde und Angeh\u00f6rigen in Deutschland. Die Absicht waren zun\u00e4chst erg\u00e4nzende Bildungsangebote zum bestehenden <span class=\"excerpt-dots\">&hellip;<\/span> <a class=\"more-link\" href=\"https:\/\/jbh-bolivien.de\/de\/verein\/geschichte\/\"><span class=\"more-msg\">Weiterlesen &rarr;<\/span><\/a><\/p>\n","protected":false},"author":1,"featured_media":0,"parent":50,"menu_order":10,"comment_status":"closed","ping_status":"closed","template":"","meta":{"ngg_post_thumbnail":0,"footnotes":""},"class_list":["post-63","page","type-page","status-publish","hentry"],"_links":{"self":[{"href":"https:\/\/jbh-bolivien.de\/de\/wp-json\/wp\/v2\/pages\/63","targetHints":{"allow":["GET"]}}],"collection":[{"href":"https:\/\/jbh-bolivien.de\/de\/wp-json\/wp\/v2\/pages"}],"about":[{"href":"https:\/\/jbh-bolivien.de\/de\/wp-json\/wp\/v2\/types\/page"}],"author":[{"embeddable":true,"href":"https:\/\/jbh-bolivien.de\/de\/wp-json\/wp\/v2\/users\/1"}],"replies":[{"embeddable":true,"href":"https:\/\/jbh-bolivien.de\/de\/wp-json\/wp\/v2\/comments?post=63"}],"version-history":[{"count":11,"href":"https:\/\/jbh-bolivien.de\/de\/wp-json\/wp\/v2\/pages\/63\/revisions"}],"predecessor-version":[{"id":1328,"href":"https:\/\/jbh-bolivien.de\/de\/wp-json\/wp\/v2\/pages\/63\/revisions\/1328"}],"up":[{"embeddable":true,"href":"https:\/\/jbh-bolivien.de\/de\/wp-json\/wp\/v2\/pages\/50"}],"wp:attachment":[{"href":"https:\/\/jbh-bolivien.de\/de\/wp-json\/wp\/v2\/media?parent=63"}],"curies":[{"name":"wp","href":"https:\/\/api.w.org\/{rel}","templated":true}]}}