{"id":60,"date":"2017-04-11T16:26:29","date_gmt":"2017-04-11T14:26:29","guid":{"rendered":"http:\/\/s522773432.online.de\/de\/?page_id=60"},"modified":"2025-12-11T21:57:08","modified_gmt":"2025-12-11T20:57:08","slug":"kontakt","status":"publish","type":"page","link":"https:\/\/jbh-bolivien.de\/de\/kontakt\/","title":{"rendered":"Kontakt"},"content":{"rendered":"<table style=\"width: 100%\">\n<tbody>\n<tr>\n<td><img loading=\"lazy\" decoding=\"async\" class=\"alignnone size-full wp-image-1119\" src=\"https:\/\/jbh-bolivien.de\/de\/wp-content\/uploads\/sites\/2\/2023\/01\/1_2021.jpg\" alt=\"1. Vorsitzende(r)\" width=\"100\" height=\"150\"><\/td>\n<td>Cordula Dehmel &nbsp;&nbsp;&nbsp;<br>1. Vorsitzende\n<p>E-mail: cordula.dehmel*<\/p>\n<\/td>\n<td><img loading=\"lazy\" decoding=\"async\" class=\"alignnone wp-image-1120 size-full\" src=\"https:\/\/jbh-bolivien.de\/de\/wp-content\/uploads\/sites\/2\/2023\/01\/3_2021.jpg\" alt=\"3. Vorsitzende(r)\" width=\"100\" height=\"150\"><\/td>\n<td>Jens Schmidt &nbsp;&nbsp;&nbsp;<br>2. Vorsitzender\n<p>E-mail: jens.schmidt*<\/p>\n<\/td>\n<\/tr>\n<tr>\n<td><img loading=\"lazy\" decoding=\"async\" class=\"alignnone wp-image-1121 size-full\" src=\"https:\/\/jbh-bolivien.de\/de\/wp-content\/uploads\/sites\/2\/2023\/01\/4_2021.jpg\" alt=\"Vorstandsmitglied\" width=\"100\" height=\"150\"><\/td>\n<td>\n<div>Claudia Schmidt&nbsp;<\/div>\n<div>3. Vorsitzende<\/div>\n<div>E-mail: claudia.schmidt*<\/div>\n<\/td>\n<td><img loading=\"lazy\" decoding=\"async\" class=\"alignnone  wp-image-1362\" src=\"https:\/\/jbh-bolivien.de\/de\/wp-content\/uploads\/sites\/2\/2024\/12\/Balasch_Sabine_Bild-300x400.jpeg\" alt=\"\" width=\"105\" height=\"140\" srcset=\"https:\/\/jbh-bolivien.de\/de\/wp-content\/uploads\/sites\/2\/2024\/12\/Balasch_Sabine_Bild-300x400.jpeg 300w, https:\/\/jbh-bolivien.de\/de\/wp-content\/uploads\/sites\/2\/2024\/12\/Balasch_Sabine_Bild.jpeg 750w\" sizes=\"auto, (max-width: 105px) 100vw, 105px\" \/><\/td>\n<td>\n<div>Sabine Balasch &nbsp;&nbsp;&nbsp;&nbsp;<\/div>\n<div style=\"text-align: left\">E-mail: sabine.balasch*<\/div>\n<p>&nbsp;<\/p>\n<\/td>\n<\/tr>\n<tr>\n<td><img loading=\"lazy\" decoding=\"async\" class=\"alignnone size-full wp-image-1122\" src=\"https:\/\/jbh-bolivien.de\/de\/wp-content\/uploads\/sites\/2\/2023\/01\/5_2021.jpg\" alt=\"Vorstandsmitglied\" width=\"100\" height=\"150\"><\/td>\n<td>Anna-Fiona Dehmel &nbsp;&nbsp;&nbsp;<br>E-mail: anna-fiona.dehmel*<\/td>\n<td><img loading=\"lazy\" decoding=\"async\" class=\"alignnone wp-image-1417 \" src=\"https:\/\/jbh-bolivien.de\/de\/wp-content\/uploads\/sites\/2\/2025\/12\/signal-2025-12-08-20-50-46-904-400x400.jpg\" alt=\"\" width=\"122\" height=\"122\" srcset=\"https:\/\/jbh-bolivien.de\/de\/wp-content\/uploads\/sites\/2\/2025\/12\/signal-2025-12-08-20-50-46-904-400x400.jpg 400w, https:\/\/jbh-bolivien.de\/de\/wp-content\/uploads\/sites\/2\/2025\/12\/signal-2025-12-08-20-50-46-904-1024x1024.jpg 1024w, https:\/\/jbh-bolivien.de\/de\/wp-content\/uploads\/sites\/2\/2025\/12\/signal-2025-12-08-20-50-46-904-150x150.jpg 150w, https:\/\/jbh-bolivien.de\/de\/wp-content\/uploads\/sites\/2\/2025\/12\/signal-2025-12-08-20-50-46-904-768x769.jpg 768w, https:\/\/jbh-bolivien.de\/de\/wp-content\/uploads\/sites\/2\/2025\/12\/signal-2025-12-08-20-50-46-904.jpg 1142w\" sizes=\"auto, (max-width: 122px) 100vw, 122px\" \/><\/td>\n<td>M\u00f3nica Simons&nbsp; &nbsp;&nbsp;<br>E-mail: monica.simons*<\/td>\n<\/tr>\n<tr>\n<td><img loading=\"lazy\" decoding=\"async\" class=\"alignnone wp-image-1419 \" src=\"https:\/\/jbh-bolivien.de\/de\/wp-content\/uploads\/sites\/2\/2025\/12\/signal-2025-12-11-20-13-10-717-300x400.jpg\" alt=\"\" width=\"101\" height=\"134\" srcset=\"https:\/\/jbh-bolivien.de\/de\/wp-content\/uploads\/sites\/2\/2025\/12\/signal-2025-12-11-20-13-10-717-300x400.jpg 300w, https:\/\/jbh-bolivien.de\/de\/wp-content\/uploads\/sites\/2\/2025\/12\/signal-2025-12-11-20-13-10-717-768x1023.jpg 768w, https:\/\/jbh-bolivien.de\/de\/wp-content\/uploads\/sites\/2\/2025\/12\/signal-2025-12-11-20-13-10-717.jpg 806w\" sizes=\"auto, (max-width: 101px) 100vw, 101px\" \/><\/td>\n<td>Irene Stoffels<br>E-mail: irene.stoffels*<\/td>\n<td>&nbsp;<\/td>\n<td>&nbsp;<\/td>\n<\/tr>\n<\/tbody>\n<\/table>\n<p>&nbsp;<\/p>\n<p>* Alle E-mailadressen enden mit: @jbh-bolivien.de<\/p>\n<p>&nbsp;<\/p>\n<div id=\"attachment_1101\" style=\"width: 1357px\" class=\"wp-caption aligncenter\"><img loading=\"lazy\" decoding=\"async\" aria-describedby=\"caption-attachment-1101\" class=\"wp-image-1101 size-full\" src=\"https:\/\/jbh-bolivien.de\/de\/wp-content\/uploads\/sites\/2\/2022\/02\/JBH-Vorstand-2021.png\" alt=\"Virtuelles Gruppenbild des Vorstands\" width=\"1347\" height=\"504\" srcset=\"https:\/\/jbh-bolivien.de\/de\/wp-content\/uploads\/sites\/2\/2022\/02\/JBH-Vorstand-2021.png 1347w, https:\/\/jbh-bolivien.de\/de\/wp-content\/uploads\/sites\/2\/2022\/02\/JBH-Vorstand-2021-400x150.png 400w, https:\/\/jbh-bolivien.de\/de\/wp-content\/uploads\/sites\/2\/2022\/02\/JBH-Vorstand-2021-1024x383.png 1024w, https:\/\/jbh-bolivien.de\/de\/wp-content\/uploads\/sites\/2\/2022\/02\/JBH-Vorstand-2021-768x287.png 768w\" sizes=\"auto, (max-width: 1347px) 100vw, 1347px\" \/><p id=\"caption-attachment-1101\" class=\"wp-caption-text\">Virtuelles Gruppenbild des Vorstands<\/p><\/div>\n<p>&nbsp;<\/p>\n<p>&nbsp;<\/p>\n<h2>Ansprechpartner:<\/h2>\n<table style=\"width: 100%\">\n<tbody>\n<tr>\n<td>Allgemeine Informationen:<\/td>\n<td>Cordula Dehmel<\/td>\n<\/tr>\n<tr>\n<td>Kasse und \u00dcberweisungen:<\/td>\n<td>Jens Schmidt &amp; Cordula Dehmel<\/td>\n<\/tr>\n<tr>\n<td>Schriftf\u00fchrer:<\/td>\n<td>Jens Schmidt<\/td>\n<\/tr>\n<tr>\n<td>Mitgliederverwaltung:<\/td>\n<td>Claudia Schmidt<\/td>\n<\/tr>\n<tr>\n<td>JBH Zoom-Veranstaltungsreihe (Kultureller Austausch)<\/td>\n<td>Almut Reeh<\/td>\n<\/tr>\n<tr>\n<td>Kommunikation und Organisation<\/td>\n<td>M\u00f3nica Simons<\/td>\n<\/tr>\n<tr>\n<td>Projektverantwortung f\u00fcr Canto Sur:<\/td>\n<td>Sabine Balasch<\/td>\n<\/tr>\n<tr>\n<td>Projektverantwortung f\u00fcr das CEJ Cajamarca:<\/td>\n<td>Christine Krapf, Claudia Schmidt<\/td>\n<\/tr>\n<tr>\n<td>Projektverantwortung f\u00fcr das CEJ Tarabuco:<\/td>\n<td>Jens Schmidt<\/td>\n<\/tr>\n<tr>\n<td>Projektverantwortung f\u00fcr das Centro Cultural Masis:<\/td>\n<td>seit dem 01.01.2023 beim Verein <a href=\"https:\/\/www.bolivien-bruecke.de\/\" target=\"_blank\" rel=\"noopener\">Bolivien-Br\u00fccke e.V.<\/a><\/td>\n<\/tr>\n<tr>\n<td>Projektverantwortung f\u00fcr das Centro de Amistad y Apoyo:<\/td>\n<td>Jens Schmidt<\/td>\n<\/tr>\n<tr>\n<td>Projektverantwortung f\u00fcr Dise\u00f1ando Sue\u00f1os &#8211; LifeTime:<\/td>\n<td>Janka Violetta Werner (aktives Mitglied, E-mail: janka.werner*)<\/td>\n<\/tr>\n<tr>\n<td>Projektverantwortung f\u00fcr Elijo la Vida:<\/td>\n<td>Jens Schmidt<\/td>\n<\/tr>\n<tr>\n<td>Projektverantwortung f\u00fcr Nueva Esperanza:<\/td>\n<td>Janka Violetta Werner (aktives Mitglied, E-mail: janka.werner*)<\/td>\n<\/tr>\n<tr>\n<td>Projektverantwortung f\u00fcr den Taller Protegido:<\/td>\n<td>Janka Violetta Werner (aktives Mitglied, E-mail: janka.werner*)<\/td>\n<\/tr>\n<tr>\n<td>Projektverantwortung f\u00fcr Sol en Casa &#8211; Yanapasayku:<\/td>\n<td>seit dem 01.01.2023 beim Verein <a href=\"https:\/\/www.bolivien-bruecke.de\/\" target=\"_blank\" rel=\"noopener\">Bolivien-Br\u00fccke e.V.<\/a><\/td>\n<\/tr>\n<tr>\n<td>Projektverantwortung f\u00fcr Nuna Tusuq<\/td>\n<td>Jelka Dehmel<\/td>\n<\/tr>\n<tr>\n<td>Ansprechpartner f\u00fcr neue Projekte:<\/td>\n<td>Vorstand<\/td>\n<\/tr>\n<tr>\n<td>Inhalt und Versand des JBH-Briefs:<\/td>\n<td>Claudia Schmidt<\/td>\n<\/tr>\n<tr>\n<td>Webmaster:<\/td>\n<td>Janka Violetta Werner und Jelka Dehmel<\/td>\n<\/tr>\n<\/tbody>\n<\/table>\n<p>&nbsp;<\/p>\n<p>&nbsp;* Alle E-mailadressen enden mit @jbh-bolivien.de<br>&lt;!&#8211;<\/p>\n\n\n<p><\/p>\n","protected":false},"excerpt":{"rendered":"<p>Cordula Dehmel &nbsp;&nbsp;&nbsp;1. Vorsitzende E-mail: cordula.dehmel* Jens Schmidt &nbsp;&nbsp;&nbsp;2. Vorsitzender E-mail: jens.schmidt* Claudia Schmidt&nbsp; 3. Vorsitzende E-mail: claudia.schmidt* Sabine Balasch &nbsp;&nbsp;&nbsp;&nbsp; E-mail: sabine.balasch* &nbsp; Anna-Fiona Dehmel &nbsp;&nbsp;&nbsp;E-mail: anna-fiona.dehmel* M\u00f3nica Simons&nbsp; &nbsp;&nbsp;E-mail: monica.simons* Irene StoffelsE-mail: irene.stoffels* &nbsp; &nbsp; &nbsp; * Alle <span class=\"excerpt-dots\">&hellip;<\/span> <a class=\"more-link\" href=\"https:\/\/jbh-bolivien.de\/de\/kontakt\/\"><span class=\"more-msg\">Weiterlesen &rarr;<\/span><\/a><\/p>\n","protected":false},"author":1,"featured_media":748,"parent":0,"menu_order":70,"comment_status":"closed","ping_status":"closed","template":"","meta":{"ngg_post_thumbnail":0,"footnotes":""},"class_list":["post-60","page","type-page","status-publish","has-post-thumbnail","hentry"],"_links":{"self":[{"href":"https:\/\/jbh-bolivien.de\/de\/wp-json\/wp\/v2\/pages\/60","targetHints":{"allow":["GET"]}}],"collection":[{"href":"https:\/\/jbh-bolivien.de\/de\/wp-json\/wp\/v2\/pages"}],"about":[{"href":"https:\/\/jbh-bolivien.de\/de\/wp-json\/wp\/v2\/types\/page"}],"author":[{"embeddable":true,"href":"https:\/\/jbh-bolivien.de\/de\/wp-json\/wp\/v2\/users\/1"}],"replies":[{"embeddable":true,"href":"https:\/\/jbh-bolivien.de\/de\/wp-json\/wp\/v2\/comments?post=60"}],"version-history":[{"count":39,"href":"https:\/\/jbh-bolivien.de\/de\/wp-json\/wp\/v2\/pages\/60\/revisions"}],"predecessor-version":[{"id":1428,"href":"https:\/\/jbh-bolivien.de\/de\/wp-json\/wp\/v2\/pages\/60\/revisions\/1428"}],"wp:featuredmedia":[{"embeddable":true,"href":"https:\/\/jbh-bolivien.de\/de\/wp-json\/wp\/v2\/media\/748"}],"wp:attachment":[{"href":"https:\/\/jbh-bolivien.de\/de\/wp-json\/wp\/v2\/media?parent=60"}],"curies":[{"name":"wp","href":"https:\/\/api.w.org\/{rel}","templated":true}]}}