{"id":54,"date":"2017-04-11T16:24:59","date_gmt":"2017-04-11T14:24:59","guid":{"rendered":"http:\/\/s522773432.online.de\/de\/?page_id=54"},"modified":"2025-01-06T18:35:30","modified_gmt":"2025-01-06T17:35:30","slug":"freiwilligenarbeit","status":"publish","type":"page","link":"https:\/\/jbh-bolivien.de\/de\/freiwilligenarbeit\/","title":{"rendered":"Freiwilligenarbeit"},"content":{"rendered":"<p>Der JBH selbst bietet leider keine Freiwilligendienste an. Wir kooperieren aber mit verschiedenen anderen Organisationen und Vereinen, die auch Freiwillige in von uns gef\u00f6rderte Projekte entsenden. Da unser Verein aus vielen ehemaligen Freiwilligen und begeisterten Bolivien-Besuchern besteht, k\u00f6nnen wir aber trotzdem viele Fragen beantworten und tun das auch sehr gerne.<\/p>\n<figure><\/figure>\n<p>Freiwilligendienste sind generell f\u00fcr alle Menschen geeignet, die tiefere Einblicke in die bolivianische Kultur bekommen wollen als man sie als normaler Tourist bekommt. Sie geben einem die M\u00f6glichkeit, in direkten Kontakt zu der Bev\u00f6lkerung zu treten und voneinander zu lernen. Je nach pers\u00f6nlichen Vorlieben kann man zwischen ganz verschiedenen Projekten, Organisationen und Regionen w\u00e4hlen. Von Englisch-Unterricht auf der Isla del Sol im Titicacasee, Mithelfen im Krankenhaus in Santa Cruz bis hin zu B\u00e4ume Pflanzen im Jugendzentrum in Cajamarca ist alles dabei! Wenn man sich f\u00fcr einen l\u00e4ngeren Freiwilligendienst entscheidet, hat man oft auch die M\u00f6glichkeit, eigene Ideen umzusetzen, wie zum Beispiel einen Fotographie-Kurs f\u00fcr Sch\u00fcler oder ein M\u00fclltrennungs-Projekt.<\/p>\n<p>Wir empfehlen generell l\u00e4ngere Freiwilligendienste von mehreren Monaten und im Idealfall sogar einem Jahr, da man eine gewisse Zeit braucht, sich auf die bolivianische Lebensweise und Kultur einzustellen. Je l\u00e4nger man bleibt, desto mehr f\u00fchlt man sich dort zu Hause und desto besser kann man sich auch in seiner Einsatzstelle einbringen. Es ist auch sinnvoll, zu Beginn des Dienstes schon \u00fcber Grundkenntnisse im Spanischen zu verf\u00fcgen, da es gerade in den l\u00e4ndlichen Regionen wenig Menschen mit Fremdspachenkenntnissen gibt. Einige Organisationen bieten auch die M\u00f6glichkeit, am Anfang Sprachunterricht zu nehmen.<\/p>\n<p>Freiwilligendienste kann man grob in zwei Gruppen einteilen: die Programme, die von einem Sponsor finanziert werden und die, bei denen man alles selbst bezahlt. Der bekannteste und f\u00fcr den Freiwilligen kosteng\u00fcnstigster Dienst ist Weltw\u00e4rts, bei den selbstfinanzierten gibt es eine breite Auswahl an Anbietern, von denen wir hier zwei vorstellen, die auch in von uns unterst\u00fctzte Projekte vermitteln.<\/p>\n<p>&nbsp;<\/p>\n<h3>Weltw\u00e4rts<\/h3>\n<p>Weltw\u00e4rts ist ein entwicklungspolitischer Freiwilligendienst f\u00fcr junge Erwachsene (18-28 Jahre), der vom Bundesministerium f\u00fcr wirtschaftliche Zusammenarbeit und Entwicklung (BMZ) organisiert und finanziert wird. Er dauert zwischen sechs und vierundzwanzig Monaten (die meisten dauern zw\u00f6lf) und kann in allen Entwicklungsl\u00e4ndern abgeleistet werden. Das BMZ \u00fcbernimmt alle Kosten, inklusive Vorbereitungsseminaren, Flug, Versicherung und einem Taschengeld f\u00fcr den Freiwilligen. Die einzige finanzielle Voraussetzung ist, dass man sich einen Spenderkreis aufbaut, der monatlich bis zu 150\u20ac aufbringt, um die Arbeit des Freiwilligen zu unterst\u00fctzen.<\/p>\n<p>Der Hintergrund dieses Dienstes ist, dass die Bundesregierung Entwicklungshilfe bekannter machen m\u00f6chte. Dazu dient einerseits der Spenderkreis und andererseits werden die Freiwilligen dazu angehalten, sich auch nach ihrem Auslandsaufenthalt weiterhin f\u00fcr Entwicklungshilfe einzusetzen.<\/p>\n<p>Weltw\u00e4rts ist ein Programm, das konkret von vielen verschiedenen Entsendeorganisationen durchgef\u00fchrt wird. Beispiele hierf\u00fcr sind die Bolivien Br\u00fccke und Volunta gGmbH. Auf der Website von Weltw\u00e4rts sind auch noch viele andere zu finden.<\/p>\n<p>Weiterf\u00fchrenden Informationen gibt es hier:<\/p>\n<menu>\n<li><a href=\"https:\/\/www.weltwaerts.de\/\" target=\"_blank\" rel=\"noopener noreferrer\"> Weltw\u00e4rts <\/a><\/li>\n<li><a href=\"https:\/\/www.bolivien-bruecke.de\/\" target=\"_blank\" rel=\"noopener noreferrer\"> Bolivien-Br\u00fccke e.V. <\/a><\/li>\n<li><a href=\"https:\/\/www.volunta.de\/index.html\" target=\"_blank\" rel=\"noopener noreferrer\"> Volunta gGmbH <\/a><\/li>\n<li><a href=\"https:\/\/bkhw.org\/\" target=\"_blank\" rel=\"noopener noreferrer\">Bolivianisches Kinderhilfswerk e.V. <\/a><\/li>\n<\/menu>\n<p>&nbsp;<\/p>\n<h3>Selbstbezahlte Freiwilligendienste<\/h3>\n<p>Wer k\u00fcrzer als ein halbes oder ganzes Jahr nach Bolivien m\u00f6chte, entscheidet sich oft f\u00fcr einen selbstbezahlten Aufenthalt. Hier \u00fcbernimmt der Freiwillige selbst alle entstehenden Kosten, also f\u00fcr Flug, Versicherung, Unterkunft und Verpflegung. Dieser Freiwilligendienst kann oft schon f\u00fcr nur vier Wochen gemacht werden und steht allen Menschen \u00fcber 18 bis ins hohe Alter offen. Es gibt sehr viele Organisationen, die solche Freiwilligendienste anbieten. Wir empfehlen hier folgende:<\/p>\n<p>&nbsp;<\/p>\n<h4>CEJ<\/h4>\n<p>Das CEJ (= Centro Ecol\u00f3gico J\u00favenil) ist ein bolivianischer Verein, der zwei Einsatzstellen betreibt: Eine in der Kleinstadt Tarabuco und eine im Waldzentrum Cajamarca, beide in der N\u00e4he von Sucre. In Tarabuco kann man unter anderem in der lokalen Grundschule mithelfen, Kinder im Spielesalon betreuen, im Krankenhaus mitarbeiten oder der Gemeinde helfen, ihre touristischen Angebote zu verbessern. In Cajamarca kann man bei vielen verschiedenen \u00f6kologischen Projekten helfen oder auch dabei, neue H\u00e4user zu bauen und andere zu renovieren und Besuchergruppen im Jugendzentrum zu betreuen. Au\u00dferdem freuen sich die Lehrer immer \u00fcber Unterst\u00fctzung beim Unterricht in einer nahe gelegenen Schule oder bei der Betreuung der Kinder im dortigen Internat!<\/p>\n<p>Weiterf\u00fchrende Informationen gibt es auf der <a href=\"https:\/\/cajamarca-bolivien.de\" target=\"_blank\" rel=\"noopener noreferrer\">Website des CEJ<\/a>.<\/p>\n<p>&nbsp;<\/p>\n<h4>Hostelling International Bolivia<\/h4>\n<p>Der bolivianische Jugendherbergsverband ist gleichzeitig auch eine Stiftung mit einigen gemeinn\u00fctzigen Projekten, in denen auch Freiwillige arbeiten. Sie bieten soziale, medizinische und \u00f6kologische Freiwilligendienste an ca. 10 Einsatzorten im ganzen Land an. Die Einsatzstellen umfassen unter anderem Kinderg\u00e4rten, Grund- und Oberschulen, Nachmittagsbetreuung von Kindern, Nachhilfe, Kinderheime, Krankenh\u00e4user, Heilpflanzen-Projekte und landwirtschaftliche Aufgaben.<\/p>\n<p>Weiterf\u00fchrende Informationen:<\/p>\n<menu>\n<li><a href=\"https:\/\/www.hostellingbolivia.org\/\" target=\"_blank\" rel=\"noopener noreferrer\"> Hostelling International Bolivia<\/a><\/li>\n<\/menu>\n<p>&nbsp;<\/p>\n<p>Bolivien-Interessierte, die bereits Erfahrungen mit Freiwilligendiensten in Entwicklungsl\u00e4ndern gemacht haben und gut Spanisch sprechen, k\u00f6nnen auch versuchen, sich direkt vor Ort einen Freiwilligendienst zu organisieren. Es gibt viele Kinderheime und einige Tier-Projekte, die auch kurzfristig Freiwillige aufnehmen. Dies ist allerdings wie gesagt nur f\u00fcr Leute mit Erfahrung empfehlenswert, Neulinge sollten auf jeden Fall vorher daf\u00fcr sorgen, dass sie vor Ort kompetente Ansprechpartner haben!!!<\/p>\n<p>Wer in Bolivien einen Freiwilligendienst machen m\u00f6chte, sollte sich vorher bewusst machen, dass Bolivien ein Entwicklungsland ist. Das hei\u00dft, dass man dort oft nicht den Luxus und Komfort vorfindet, den man von zu Hause gewohnt ist. Die bolivianische Mentalit\u00e4t ist auch sehr viel mehr von Spontaneit\u00e4t gepr\u00e4gt und man muss sich darauf einstellen, dass l\u00e4ngst nicht alles so l\u00e4uft, wie man das vorher geplant hatte \u2013 was aber nicht bedeutet, dass das Ergebnis nicht auch viel besser sein kann! Wer sich davon nicht einsch\u00fcchtern l\u00e4sst und offen auf Bolivien und seine Bewohner zu geht, der bekommt daf\u00fcr die Chance, eine sehr bunte und unglaublich lebensfreudige Kultur kennen zu lernen, die Freiwillige gerne integriert und an allen Festen und Gebr\u00e4uchen teilhaben l\u00e4sst!<\/p>\n<p>Wir freuen uns immer, interessierten zuk\u00fcnftigen Freiwilligen weiterzuhelfen und laden Sie noch einmal besonders herzlich zu unseren Vereinstreffen im Herbst ein, die immer die beste M\u00f6glichkeit sind, ganz vielen erfahrenen Bolivien-Reisenden Fragen zu stellen!<\/p>\n<p>&nbsp;<\/p>\n<p>Hier geht es zu:<\/p>\n<menu>\n<li><a href=\"https:\/\/jbh-bolivien.de\/de\/category\/berichte-von-freiwilligen\/\"> Erfahrungsberichten von Freiwilligen bei unseren Projektpartnern<\/a><\/li>\n<li><a href=\"https:\/\/jbh-bolivien.de\/de\/links\/\"> Hilfreiche Links <\/a><\/li>\n<\/menu>\n","protected":false},"excerpt":{"rendered":"<p>Der JBH selbst bietet leider keine Freiwilligendienste an. Wir kooperieren aber mit verschiedenen anderen Organisationen und Vereinen, die auch Freiwillige in von uns gef\u00f6rderte Projekte entsenden. Da unser Verein aus vielen ehemaligen Freiwilligen und begeisterten Bolivien-Besuchern besteht, k\u00f6nnen wir aber <span class=\"excerpt-dots\">&hellip;<\/span> <a class=\"more-link\" href=\"https:\/\/jbh-bolivien.de\/de\/freiwilligenarbeit\/\"><span class=\"more-msg\">Weiterlesen &rarr;<\/span><\/a><\/p>\n","protected":false},"author":1,"featured_media":0,"parent":0,"menu_order":50,"comment_status":"closed","ping_status":"closed","template":"","meta":{"ngg_post_thumbnail":0,"footnotes":""},"class_list":["post-54","page","type-page","status-publish","hentry"],"_links":{"self":[{"href":"https:\/\/jbh-bolivien.de\/de\/wp-json\/wp\/v2\/pages\/54","targetHints":{"allow":["GET"]}}],"collection":[{"href":"https:\/\/jbh-bolivien.de\/de\/wp-json\/wp\/v2\/pages"}],"about":[{"href":"https:\/\/jbh-bolivien.de\/de\/wp-json\/wp\/v2\/types\/page"}],"author":[{"embeddable":true,"href":"https:\/\/jbh-bolivien.de\/de\/wp-json\/wp\/v2\/users\/1"}],"replies":[{"embeddable":true,"href":"https:\/\/jbh-bolivien.de\/de\/wp-json\/wp\/v2\/comments?post=54"}],"version-history":[{"count":14,"href":"https:\/\/jbh-bolivien.de\/de\/wp-json\/wp\/v2\/pages\/54\/revisions"}],"predecessor-version":[{"id":1374,"href":"https:\/\/jbh-bolivien.de\/de\/wp-json\/wp\/v2\/pages\/54\/revisions\/1374"}],"wp:attachment":[{"href":"https:\/\/jbh-bolivien.de\/de\/wp-json\/wp\/v2\/media?parent=54"}],"curies":[{"name":"wp","href":"https:\/\/api.w.org\/{rel}","templated":true}]}}