{"id":4,"date":"2017-04-10T14:08:51","date_gmt":"2017-04-10T12:08:51","guid":{"rendered":"http:\/\/s522773432.online.de\/de\/?page_id=4"},"modified":"2023-09-19T13:43:28","modified_gmt":"2023-09-19T11:43:28","slug":"willkommen-beim-jbh-bolivien-e-v","status":"publish","type":"page","link":"https:\/\/jbh-bolivien.de\/de\/","title":{"rendered":"Willkommen beim JBH Bolivien e.V.!"},"content":{"rendered":"<p style=\"text-align: justify\">Willkommen beim JBH Bolivien e.V.! Hier gibt es Infos \u00fcber aktuelle Ereignisse, den Verein, die unterst\u00fctzten Projekte und vieles mehr.<\/p>\n<p style=\"text-align: justify\"><span style=\"font-family: tahoma, arial, helvetica, sans-serif\">Viel <\/span>Spa\u00df beim <span style=\"font-family: tahoma, arial, helvetica, sans-serif\">Entdecken! <br \/><\/span><\/p>\n<p>&nbsp;<\/p>\n<p><img loading=\"lazy\" decoding=\"async\" class=\"aligncenter wp-image-693\" src=\"http:\/\/s522773432.online.de\/de\/wp-content\/uploads\/sites\/2\/2017\/08\/11_IMG_6796-Kopie-400x267.jpg\" alt=\"\" width=\"600\" height=\"400\" srcset=\"https:\/\/jbh-bolivien.de\/de\/wp-content\/uploads\/sites\/2\/2017\/08\/11_IMG_6796-Kopie-400x267.jpg 400w, https:\/\/jbh-bolivien.de\/de\/wp-content\/uploads\/sites\/2\/2017\/08\/11_IMG_6796-Kopie-768x512.jpg 768w, https:\/\/jbh-bolivien.de\/de\/wp-content\/uploads\/sites\/2\/2017\/08\/11_IMG_6796-Kopie-1024x683.jpg 1024w, https:\/\/jbh-bolivien.de\/de\/wp-content\/uploads\/sites\/2\/2017\/08\/11_IMG_6796-Kopie.jpg 2048w\" sizes=\"auto, (max-width: 600px) 100vw, 600px\" \/><\/p>\n","protected":false},"excerpt":{"rendered":"<p>Willkommen beim JBH Bolivien e.V.! Hier gibt es Infos \u00fcber aktuelle Ereignisse, den Verein, die unterst\u00fctzten Projekte und vieles mehr. Viel Spa\u00df beim Entdecken! &nbsp;<\/p>\n <a class=\"more-link\" href=\"https:\/\/jbh-bolivien.de\/de\/\"><span class=\"more-msg\">Weiterlesen &rarr;<\/span><\/a>","protected":false},"author":1,"featured_media":0,"parent":0,"menu_order":0,"comment_status":"closed","ping_status":"closed","template":"","meta":{"ngg_post_thumbnail":0,"footnotes":""},"class_list":["post-4","page","type-page","status-publish","hentry"],"_links":{"self":[{"href":"https:\/\/jbh-bolivien.de\/de\/wp-json\/wp\/v2\/pages\/4","targetHints":{"allow":["GET"]}}],"collection":[{"href":"https:\/\/jbh-bolivien.de\/de\/wp-json\/wp\/v2\/pages"}],"about":[{"href":"https:\/\/jbh-bolivien.de\/de\/wp-json\/wp\/v2\/types\/page"}],"author":[{"embeddable":true,"href":"https:\/\/jbh-bolivien.de\/de\/wp-json\/wp\/v2\/users\/1"}],"replies":[{"embeddable":true,"href":"https:\/\/jbh-bolivien.de\/de\/wp-json\/wp\/v2\/comments?post=4"}],"version-history":[{"count":9,"href":"https:\/\/jbh-bolivien.de\/de\/wp-json\/wp\/v2\/pages\/4\/revisions"}],"predecessor-version":[{"id":1320,"href":"https:\/\/jbh-bolivien.de\/de\/wp-json\/wp\/v2\/pages\/4\/revisions\/1320"}],"wp:attachment":[{"href":"https:\/\/jbh-bolivien.de\/de\/wp-json\/wp\/v2\/media?parent=4"}],"curies":[{"name":"wp","href":"https:\/\/api.w.org\/{rel}","templated":true}]}}