{"id":125,"date":"2017-04-22T12:33:22","date_gmt":"2017-04-22T10:33:22","guid":{"rendered":"http:\/\/s522773432.online.de\/de\/?page_id=125"},"modified":"2025-06-09T20:20:58","modified_gmt":"2025-06-09T18:20:58","slug":"elijo-la-vida","status":"publish","type":"page","link":"https:\/\/jbh-bolivien.de\/de\/projekte\/projektpartner\/elijo-la-vida\/","title":{"rendered":"Elijo la Vida"},"content":{"rendered":"<p>Elijo la Vida ist eine Hilfsorganisation mit psychologischer und medizinischer Ausrichtung in Cochabamba. Sie engagiert sich haupts\u00e4chlich in drei Bereichen: der Unterst\u00fctzung junger M\u00fctter, der medizinischen Aufkl\u00e4rung und der Sterbebegleitung.<\/p>\n<p>Das Durchschnittsalter eine Frau bei der Geburt ihres ersten Kindes ist in Bolivien generell niedriger als in Deutschland und gerade Frauen aus schwierigen Verh\u00e4ltnissen werden noch fr\u00fcher M\u00fctter, oft schon als Teenager. Wenn sie dann von den V\u00e4tern ihrer Kinder oder ihren Familien nicht oder nicht gen\u00fcgend unterst\u00fctzt werden, m\u00fcssen sie ihre Ausbildung abbrechen und arbeiten, um f\u00fcr ihre Kinder zu sorgen. Als ungebildete Hilfskr\u00e4fte arbeiten sie oftmals unter sehr schlechten Bedingungen.<br \/>\nElijo la Vida arbeitet mit Krankenh\u00e4usern zusammen und bietet jungen M\u00fcttern aus schwierigen Verh\u00e4ltnissen Hilfe an. Sie organisieren zum Beispiel eine Selbsthilfegruppe, gelegentliche Kinderbetreuung und unterst\u00fctzen die M\u00fctter auch finanziell bis zum Abschluss ihrer Ausbildung.<\/p>\n<div id=\"attachment_423\" style=\"width: 410px\" class=\"wp-caption alignright\"><img loading=\"lazy\" decoding=\"async\" aria-describedby=\"caption-attachment-423\" class=\"wp-image-423\" src=\"http:\/\/s522773432.online.de\/de\/wp-content\/uploads\/sites\/2\/2017\/04\/IMG_6759-300x225.jpg\" alt=\"\" width=\"400\" height=\"300\" srcset=\"https:\/\/jbh-bolivien.de\/de\/wp-content\/uploads\/sites\/2\/2017\/04\/IMG_6759-300x225.jpg 300w, https:\/\/jbh-bolivien.de\/de\/wp-content\/uploads\/sites\/2\/2017\/04\/IMG_6759-768x576.jpg 768w, https:\/\/jbh-bolivien.de\/de\/wp-content\/uploads\/sites\/2\/2017\/04\/IMG_6759-1024x768.jpg 1024w\" sizes=\"auto, (max-width: 400px) 100vw, 400px\" \/><p id=\"caption-attachment-423\" class=\"wp-caption-text\">Die Kinderspielecke<\/p><\/div>\n<p>Im Bereich medizinischer Aufkl\u00e4rung geht es haupts\u00e4chlich um die Risiken von Brust- und Geb\u00e4rmutterhalskrebs. Hierzu f\u00e4hrt Elijo la Vida regelm\u00e4\u00dfig in l\u00e4ndliche Kommunen und informiert die dortige Bev\u00f6lkerung. Au\u00dferdem wird Sexual-Erziehung in Schulen angeboten.<\/p>\n<p>Palliativmedizin und -betreuung sind in Bolivien bisher wenig verbreitet. Elijo la Vida versucht dies zu \u00e4ndern und verf\u00fcgt \u00fcber mehrere Ehrenamtliche, die schwerstkranken Menschen beistehen. Dar\u00fcber hinaus setzen sie sich daf\u00fcr ein, eine Ausbildung in diesem Bereich zu etablieren.<\/p>\n<p>&nbsp;<\/p>\n<p>Art der Projektf\u00f6rderung:<br \/>\nWeiterleitung von Zweckgebundenen Spenden<\/p>\n<p>Projektverantwortlicher\/Ansprechpartner:<br \/>\n<a href=\"https:\/\/jbh-bolivien.de\/de\/kontakt\/\">Jens Schmidt<\/a><\/p>\n","protected":false},"excerpt":{"rendered":"<p>Elijo la Vida ist eine Hilfsorganisation mit psychologischer und medizinischer Ausrichtung in Cochabamba. Sie engagiert sich haupts\u00e4chlich in drei Bereichen: der Unterst\u00fctzung junger M\u00fctter, der medizinischen Aufkl\u00e4rung und der Sterbebegleitung. Das Durchschnittsalter eine Frau bei der Geburt ihres ersten Kindes <span class=\"excerpt-dots\">&hellip;<\/span> <a class=\"more-link\" href=\"https:\/\/jbh-bolivien.de\/de\/projekte\/projektpartner\/elijo-la-vida\/\"><span class=\"more-msg\">Weiterlesen &rarr;<\/span><\/a><\/p>\n","protected":false},"author":1,"featured_media":421,"parent":82,"menu_order":0,"comment_status":"closed","ping_status":"closed","template":"","meta":{"ngg_post_thumbnail":0,"footnotes":""},"class_list":["post-125","page","type-page","status-publish","has-post-thumbnail","hentry"],"_links":{"self":[{"href":"https:\/\/jbh-bolivien.de\/de\/wp-json\/wp\/v2\/pages\/125","targetHints":{"allow":["GET"]}}],"collection":[{"href":"https:\/\/jbh-bolivien.de\/de\/wp-json\/wp\/v2\/pages"}],"about":[{"href":"https:\/\/jbh-bolivien.de\/de\/wp-json\/wp\/v2\/types\/page"}],"author":[{"embeddable":true,"href":"https:\/\/jbh-bolivien.de\/de\/wp-json\/wp\/v2\/users\/1"}],"replies":[{"embeddable":true,"href":"https:\/\/jbh-bolivien.de\/de\/wp-json\/wp\/v2\/comments?post=125"}],"version-history":[{"count":6,"href":"https:\/\/jbh-bolivien.de\/de\/wp-json\/wp\/v2\/pages\/125\/revisions"}],"predecessor-version":[{"id":1405,"href":"https:\/\/jbh-bolivien.de\/de\/wp-json\/wp\/v2\/pages\/125\/revisions\/1405"}],"up":[{"embeddable":true,"href":"https:\/\/jbh-bolivien.de\/de\/wp-json\/wp\/v2\/pages\/82"}],"wp:featuredmedia":[{"embeddable":true,"href":"https:\/\/jbh-bolivien.de\/de\/wp-json\/wp\/v2\/media\/421"}],"wp:attachment":[{"href":"https:\/\/jbh-bolivien.de\/de\/wp-json\/wp\/v2\/media?parent=125"}],"curies":[{"name":"wp","href":"https:\/\/api.w.org\/{rel}","templated":true}]}}