{"id":123,"date":"2017-04-22T12:33:00","date_gmt":"2017-04-22T10:33:00","guid":{"rendered":"http:\/\/s522773432.online.de\/de\/?page_id=123"},"modified":"2025-06-09T15:24:36","modified_gmt":"2025-06-09T13:24:36","slug":"centro-de-amistad-y-de-apoyo","status":"publish","type":"page","link":"https:\/\/jbh-bolivien.de\/de\/projekte\/projektpartner\/centro-de-amistad-y-de-apoyo\/","title":{"rendered":"Centro de Amistad y Apoyo"},"content":{"rendered":"<p style=\"text-align: justify\">Das Centro de Amistad y Apoyo ist ein gro\u00dfes Haus, in dem Schulkinder des Viertels &#8222;Taqui\u00f1a Norte&#8220; in Cochabamba nachmittags betreut werden. Sie k\u00f6nnen hier ihre Hausaufgaben machen, bekommen Nachhilfe in kleinen Gruppen und haben Zeit, in dem gro\u00dfen Hof und drinnen zu spielen. Au\u00dferdem bekommen sie eine kleine Mahlzeit, lernen Regeln der t\u00e4glichen Hygiene und werden gesundheitlich versorgt.<\/p>\n<div id=\"attachment_394\" style=\"width: 410px\" class=\"wp-caption alignright\"><img loading=\"lazy\" decoding=\"async\" aria-describedby=\"caption-attachment-394\" class=\"wp-image-394\" src=\"http:\/\/s522773432.online.de\/de\/wp-content\/uploads\/sites\/2\/2017\/04\/IMG_6794-300x225.jpg\" alt=\"\" width=\"400\" height=\"300\" srcset=\"https:\/\/jbh-bolivien.de\/de\/wp-content\/uploads\/sites\/2\/2017\/04\/IMG_6794-300x225.jpg 300w, https:\/\/jbh-bolivien.de\/de\/wp-content\/uploads\/sites\/2\/2017\/04\/IMG_6794-768x576.jpg 768w, https:\/\/jbh-bolivien.de\/de\/wp-content\/uploads\/sites\/2\/2017\/04\/IMG_6794-1024x768.jpg 1024w\" sizes=\"auto, (max-width: 400px) 100vw, 400px\" \/><p id=\"caption-attachment-394\" class=\"wp-caption-text\">Nachhilfeunterricht<\/p><\/div>\n<p style=\"text-align: justify\">Taqui\u00f1a Norte ist ein Stadtteil am Rand von Cochabamba, in dem Probleme wie Armut und Vernachl\u00e4ssigung allt\u00e4glich sind. Viele Kinder haben Probleme in der Schule und keine sinnvolle Freizeitbesch\u00e4ftigung und laufen deswegen Gefahr, sp\u00e4ter keine Perspektive zu haben und in die Kriminalit\u00e4t abzurutschen. Dies ist genau der Punkt, an dem das Centro de Amistad y Apoyo ansetzt: In Kooperation mit den lokalen Schulen werden Kinder mit schwachen schulischen Leistungen angesprochen und in das Centro eingeladen. Hier werden sie unterst\u00fctzt, motiviert und erfahren Zuwendung, was ihnen sehr gut tut.<\/p>\n<p>&nbsp;<\/p>\n<p>&nbsp;<\/p>\n<p>&nbsp;<\/p>\n<p>&nbsp;<\/p>\n<p>Art der Projekt\u00f6rderung:<br \/>\nWeiterleitung von zweckgebundenen Spenden<\/p>\n<p>Projektverantwortlicher\/Ansprechpartner:<br \/>\n<a href=\"https:\/\/jbh-bolivien.de\/de\/kontakt\/\"> Jens Schmidt<\/a><\/p>\n<p>Bildergalerie:<\/p>\n\n<!-- centro-de-amistad --><style type='text\/css'>\n.atwkslider-centro-de-amistad .slides .atwk-slide .slide-image .atwk-title-overlay{max-width:75%}\n\n<\/style>\n<div id=\"atwkslider-centro-de-amistad-1\" class=\"atwkslider atwkslider-centro-de-amistad slider-content-images\"><div class=\"slides\">\n\n<!-- **** Slider Images: centro-de-amistad **** -->\n\n<div class=\"atwk-slide\"><div class=\"slide-content slide-image\"><img decoding=\"async\" class=\"atw-gallery-img\" src=\"\/\/jbh-bolivien.de\/de\/wp-content\/uploads\/sites\/2\/2017\/08\/IMG_6811.jpg\" alt=\"amistad_gel\u00e4nde_3\" srcset=\"\/\/jbh-bolivien.de\/de\/wp-content\/uploads\/sites\/2\/2017\/08\/IMG_6811.jpg 700w, \/\/jbh-bolivien.de\/de\/wp-content\/uploads\/sites\/2\/2017\/08\/IMG_6811-300x214.jpg 300w\" sizes=\"(max-width: 700px) 100vw, 700px\" \/>\n<div class=\"atwk-caption\">Das Centro ist ein gro\u00dfes Geb\u00e4ude mit R\u00e4umen f\u00fcr verschiedene Kleingruppen und einem gro\u00dfen Hof<\/div><\/div><\/div>\n\n<div class=\"atwk-slide\"><div class=\"slide-content slide-image\"><img decoding=\"async\" class=\"atw-gallery-img\" src=\"\/\/jbh-bolivien.de\/de\/wp-content\/uploads\/sites\/2\/2017\/08\/IMG_6779.jpg\" alt=\"amistad_unterricht_7\" srcset=\"\/\/jbh-bolivien.de\/de\/wp-content\/uploads\/sites\/2\/2017\/08\/IMG_6779.jpg 700w, \/\/jbh-bolivien.de\/de\/wp-content\/uploads\/sites\/2\/2017\/08\/IMG_6779-300x214.jpg 300w\" sizes=\"(max-width: 700px) 100vw, 700px\" \/>\n<\/div><\/div>\n\n<div class=\"atwk-slide\"><div class=\"slide-content slide-image\"><img decoding=\"async\" class=\"atw-gallery-img\" src=\"\/\/jbh-bolivien.de\/de\/wp-content\/uploads\/sites\/2\/2017\/08\/IMG_6791.jpg\" alt=\"amistad_unterricht_5\" srcset=\"\/\/jbh-bolivien.de\/de\/wp-content\/uploads\/sites\/2\/2017\/08\/IMG_6791.jpg 700w, \/\/jbh-bolivien.de\/de\/wp-content\/uploads\/sites\/2\/2017\/08\/IMG_6791-300x214.jpg 300w\" sizes=\"(max-width: 700px) 100vw, 700px\" \/>\n<\/div><\/div>\n\n<div class=\"atwk-slide\"><div class=\"slide-content slide-image\"><img decoding=\"async\" class=\"atw-gallery-img\" src=\"\/\/jbh-bolivien.de\/de\/wp-content\/uploads\/sites\/2\/2017\/08\/IMG_6793.jpg\" alt=\"amistad_unterricht_4\" srcset=\"\/\/jbh-bolivien.de\/de\/wp-content\/uploads\/sites\/2\/2017\/08\/IMG_6793.jpg 700w, \/\/jbh-bolivien.de\/de\/wp-content\/uploads\/sites\/2\/2017\/08\/IMG_6793-300x214.jpg 300w\" sizes=\"(max-width: 700px) 100vw, 700px\" \/>\n<\/div><\/div>\n\n<div class=\"atwk-slide\"><div class=\"slide-content slide-image\"><img decoding=\"async\" class=\"atw-gallery-img\" src=\"\/\/jbh-bolivien.de\/de\/wp-content\/uploads\/sites\/2\/2017\/08\/IMG_6796.jpg\" alt=\"amistad_pause_3\" srcset=\"\/\/jbh-bolivien.de\/de\/wp-content\/uploads\/sites\/2\/2017\/08\/IMG_6796.jpg 700w, \/\/jbh-bolivien.de\/de\/wp-content\/uploads\/sites\/2\/2017\/08\/IMG_6796-300x214.jpg 300w\" sizes=\"(max-width: 700px) 100vw, 700px\" \/>\n<div class=\"atwk-caption\">In der Pause wird dann gespielt: Puzzlen, ...<\/div><\/div><\/div>\n\n<div class=\"atwk-slide\"><div class=\"slide-content slide-image\"><img decoding=\"async\" class=\"atw-gallery-img\" src=\"\/\/jbh-bolivien.de\/de\/wp-content\/uploads\/sites\/2\/2017\/08\/IMG_6797.jpg\" alt=\"amistad_pause_4\" srcset=\"\/\/jbh-bolivien.de\/de\/wp-content\/uploads\/sites\/2\/2017\/08\/IMG_6797.jpg 700w, \/\/jbh-bolivien.de\/de\/wp-content\/uploads\/sites\/2\/2017\/08\/IMG_6797-300x214.jpg 300w\" sizes=\"(max-width: 700px) 100vw, 700px\" \/>\n<div class=\"atwk-caption\">... Fu\u00dfball, ...<\/div><\/div><\/div>\n\n<div class=\"atwk-slide\"><div class=\"slide-content slide-image\"><img decoding=\"async\" class=\"atw-gallery-img\" src=\"\/\/jbh-bolivien.de\/de\/wp-content\/uploads\/sites\/2\/2017\/08\/IMG_6801.jpg\" alt=\"amistad_pause_6\" srcset=\"\/\/jbh-bolivien.de\/de\/wp-content\/uploads\/sites\/2\/2017\/08\/IMG_6801.jpg 700w, \/\/jbh-bolivien.de\/de\/wp-content\/uploads\/sites\/2\/2017\/08\/IMG_6801-300x214.jpg 300w\" sizes=\"(max-width: 700px) 100vw, 700px\" \/>\n<div class=\"atwk-caption\">... mit Autos ...<\/div><\/div><\/div>\n\n<div class=\"atwk-slide\"><div class=\"slide-content slide-image\"><img decoding=\"async\" class=\"atw-gallery-img\" src=\"\/\/jbh-bolivien.de\/de\/wp-content\/uploads\/sites\/2\/2017\/08\/IMG_6781.jpg\" alt=\"amistad_gel\u00e4nde_4\" srcset=\"\/\/jbh-bolivien.de\/de\/wp-content\/uploads\/sites\/2\/2017\/08\/IMG_6781.jpg 700w, \/\/jbh-bolivien.de\/de\/wp-content\/uploads\/sites\/2\/2017\/08\/IMG_6781-300x214.jpg 300w\" sizes=\"(max-width: 700px) 100vw, 700px\" \/>\n<div class=\"atwk-caption\">Das frisch gestrichene Toilettenh\u00e4uschen<\/div><\/div><\/div>\n\n<div class=\"atwk-slide\"><div class=\"slide-content slide-image\"><img decoding=\"async\" class=\"atw-gallery-img\" src=\"\/\/jbh-bolivien.de\/de\/wp-content\/uploads\/sites\/2\/2017\/08\/IMG_8170.jpg\" alt=\"amistad_gel\u00e4nde_2\" srcset=\"\/\/jbh-bolivien.de\/de\/wp-content\/uploads\/sites\/2\/2017\/08\/IMG_8170.jpg 700w, \/\/jbh-bolivien.de\/de\/wp-content\/uploads\/sites\/2\/2017\/08\/IMG_8170-300x214.jpg 300w\" sizes=\"(max-width: 700px) 100vw, 700px\" \/>\n<\/div><\/div>\n\n<div class=\"atwk-slide\"><div class=\"slide-content slide-image\"><img decoding=\"async\" class=\"atw-gallery-img\" src=\"\/\/jbh-bolivien.de\/de\/wp-content\/uploads\/sites\/2\/2017\/08\/IMG_8185.jpg\" alt=\"amistad_gel\u00e4nde_1\" srcset=\"\/\/jbh-bolivien.de\/de\/wp-content\/uploads\/sites\/2\/2017\/08\/IMG_8185.jpg 700w, \/\/jbh-bolivien.de\/de\/wp-content\/uploads\/sites\/2\/2017\/08\/IMG_8185-300x214.jpg 300w\" sizes=\"(max-width: 700px) 100vw, 700px\" \/>\n<div class=\"atwk-caption\">Ausblick vom Centro \u00fcber die Stadt<\/div><\/div><\/div>\n<\/div><\/div><div class='atw-clear-both'><\/div><!-- atwslider -->\n<div id='atwkslider-centro-de-amistad-1-thumbs' class='atwkslider atwkslider-centro-de-amistad-thumbs atwk-content-thumbs'><div class='slides'>\n<div class=\"atwk-slide\"><img decoding=\"async\" src=\"\/\/jbh-bolivien.de\/de\/wp-content\/uploads\/sites\/2\/2017\/08\/IMG_6811-150x150.jpg\" \/><\/div>\n<div class=\"atwk-slide\"><img decoding=\"async\" src=\"\/\/jbh-bolivien.de\/de\/wp-content\/uploads\/sites\/2\/2017\/08\/IMG_6779-150x150.jpg\" \/><\/div>\n<div class=\"atwk-slide\"><img decoding=\"async\" src=\"\/\/jbh-bolivien.de\/de\/wp-content\/uploads\/sites\/2\/2017\/08\/IMG_6791-150x150.jpg\" \/><\/div>\n<div class=\"atwk-slide\"><img decoding=\"async\" src=\"\/\/jbh-bolivien.de\/de\/wp-content\/uploads\/sites\/2\/2017\/08\/IMG_6793-150x150.jpg\" \/><\/div>\n<div class=\"atwk-slide\"><img decoding=\"async\" src=\"\/\/jbh-bolivien.de\/de\/wp-content\/uploads\/sites\/2\/2017\/08\/IMG_6796-150x150.jpg\" \/><\/div>\n<div class=\"atwk-slide\"><img decoding=\"async\" src=\"\/\/jbh-bolivien.de\/de\/wp-content\/uploads\/sites\/2\/2017\/08\/IMG_6797-150x150.jpg\" \/><\/div>\n<div class=\"atwk-slide\"><img decoding=\"async\" src=\"\/\/jbh-bolivien.de\/de\/wp-content\/uploads\/sites\/2\/2017\/08\/IMG_6801-150x150.jpg\" \/><\/div>\n<div class=\"atwk-slide\"><img decoding=\"async\" src=\"\/\/jbh-bolivien.de\/de\/wp-content\/uploads\/sites\/2\/2017\/08\/IMG_6781-150x150.jpg\" \/><\/div>\n<div class=\"atwk-slide\"><img decoding=\"async\" src=\"\/\/jbh-bolivien.de\/de\/wp-content\/uploads\/sites\/2\/2017\/08\/IMG_8170-150x150.jpg\" \/><\/div>\n<div class=\"atwk-slide\"><img decoding=\"async\" src=\"\/\/jbh-bolivien.de\/de\/wp-content\/uploads\/sites\/2\/2017\/08\/IMG_8185-150x150.jpg\" \/><\/div>\n<\/div><\/div><!-- atwkslider-centro-de-amistad-1 -->\n\n","protected":false},"excerpt":{"rendered":"<p>Das Centro de Amistad y Apoyo ist ein gro\u00dfes Haus, in dem Schulkinder des Viertels &#8222;Taqui\u00f1a Norte&#8220; in Cochabamba nachmittags betreut werden. Sie k\u00f6nnen hier ihre Hausaufgaben machen, bekommen Nachhilfe in kleinen Gruppen und haben Zeit, in dem gro\u00dfen Hof <span class=\"excerpt-dots\">&hellip;<\/span> <a class=\"more-link\" href=\"https:\/\/jbh-bolivien.de\/de\/atw_slider_post\/centro-de-amistad-y-apoyo\/\"><span class=\"more-msg\">Weiterlesen &rarr;<\/span><\/a><\/p>\n","protected":false},"author":1,"featured_media":0,"parent":82,"menu_order":0,"comment_status":"closed","ping_status":"closed","template":"","meta":{"ngg_post_thumbnail":0,"footnotes":""},"class_list":["post-123","page","type-page","status-publish","hentry"],"_links":{"self":[{"href":"https:\/\/jbh-bolivien.de\/de\/wp-json\/wp\/v2\/pages\/123","targetHints":{"allow":["GET"]}}],"collection":[{"href":"https:\/\/jbh-bolivien.de\/de\/wp-json\/wp\/v2\/pages"}],"about":[{"href":"https:\/\/jbh-bolivien.de\/de\/wp-json\/wp\/v2\/types\/page"}],"author":[{"embeddable":true,"href":"https:\/\/jbh-bolivien.de\/de\/wp-json\/wp\/v2\/users\/1"}],"replies":[{"embeddable":true,"href":"https:\/\/jbh-bolivien.de\/de\/wp-json\/wp\/v2\/comments?post=123"}],"version-history":[{"count":8,"href":"https:\/\/jbh-bolivien.de\/de\/wp-json\/wp\/v2\/pages\/123\/revisions"}],"predecessor-version":[{"id":1386,"href":"https:\/\/jbh-bolivien.de\/de\/wp-json\/wp\/v2\/pages\/123\/revisions\/1386"}],"up":[{"embeddable":true,"href":"https:\/\/jbh-bolivien.de\/de\/wp-json\/wp\/v2\/pages\/82"}],"wp:attachment":[{"href":"https:\/\/jbh-bolivien.de\/de\/wp-json\/wp\/v2\/media?parent=123"}],"curies":[{"name":"wp","href":"https:\/\/api.w.org\/{rel}","templated":true}]}}