{"id":115,"date":"2017-04-22T12:31:20","date_gmt":"2017-04-22T10:31:20","guid":{"rendered":"http:\/\/s522773432.online.de\/de\/?page_id=115"},"modified":"2025-06-09T20:05:12","modified_gmt":"2025-06-09T18:05:12","slug":"nueva-esperanza","status":"publish","type":"page","link":"https:\/\/jbh-bolivien.de\/de\/projekte\/projektpartner\/nueva-esperanza\/","title":{"rendered":"Nueva Esperanza"},"content":{"rendered":"<p style=\"text-align: justify\">In den neunziger Jahren wurde die Selbsthilfe-Gruppe von und f\u00fcr K\u00f6rperbehinderte Nueva Esperanza in Sucre gegr\u00fcndet. Es geht ihnen darum, ein selbstbestimmtes Leben zu f\u00fchren und an der Gesellschaft teilzuhaben (\u201eVida independiente\u201c). Um dies zu erreichen, engagiert sich Nueva Esperanza haupts\u00e4chlich in drei<br \/>\nBereichen: Bildung, Unst\u00fctzung durch pers\u00f6nliche Assistenten sowie die nationale und internationale Vernetzung mit anderen Gruppen von K\u00f6rperbehinderten.<\/p>\n<p style=\"text-align: justify\">Bildung ist ein wichtiges Thema, da Menschen mit Behinderung in Bolivien oftmals nicht oder nur f\u00fcr wenige Jahre zur Schule gegangen sind. Nueva Esperanza unterst\u00fctzt und motiviert sie, ihre Bildung an Abendschulen nachzuholen.<\/p>\n<p style=\"text-align: justify\">Ein gro\u00dfes Problem dabei ist es, dass Sucre keine barrierefreie Stadt ist und K\u00f6rperbehinderte vielfach auf Hilfe angewiesen sind. Um dem entgegen zu wirken, organisiert und finanziert Nueva Esperanza pers\u00f6nliche Assistenten, die ihre Mitglieder bei allen allt\u00e4glichen Handlungen unterst\u00fctzen. Da dies in Bolivien noch ein neuer Ansatz ist, veranstaltet die Gruppe zudem Weiterbildungen f\u00fcr die Assistenten.<br \/>\nAuch die nationale und internationale Vernetzung mit anderen Behinderten-Gruppen ist ein wichtiger Schwerpunkt f\u00fcr Nueva Esperanza. In den vergangenen Jahren haben sich in vielen bolivianischen St\u00e4dten \u00e4hnliche Gruppen gegr\u00fcndet, zudem bestehen Kontakte u.a. nach Japan und Costa Rica. Dies ist wichtig, um Forderungen gegen\u00fcber dem bolivianischen Staat z.B. nach mehr Barrierefreiheit Ausdruck zu verleihen und um in der Gesellschaft sichtbarer zu werden.<\/p>\n<p>&nbsp;<\/p>\n<p>Art der F\u00f6rderung:<br \/>\nF\u00f6rderung einzelner Unterprojekte<\/p>\n<p>Projektverantwortliche\/Ansprechpartnerin:<br \/>\n<a href=\"https:\/\/jbh-bolivien.de\/de\/kontakt\/\"> Janka Violetta Werner<\/a><\/p>\n<p>Facebook-Seite:<br \/>\n<a href=\"https:\/\/www.facebook.com\/Asociaci%C3%B3n-de-Personas-con-Discapacidad-F%C3%ADsica-Nueva-Esperanza-164855811014205\/\" target=\"_blank\" rel=\"noopener noreferrer\">Nueva Esperanza<\/a><\/p>\n<p>Weitere Informationen:<\/p>\n<ul>\n<li><a href=\"https:\/\/jbh-bolivien.de\/de\/category\/nueva-esperanza\/\">Neuigkeiten von Nueva Esperanza in &#8222;Aktuelles&#8220;<\/a><\/li>\n<\/ul>\n<p>&nbsp;<\/p>\n<p>Bildergalerie:<\/p>\n\n<!-- nueva-esperanza --><style type='text\/css'>\n.atwkslider-nueva-esperanza .slides .atwk-slide .slide-image .atwk-title-overlay{max-width:75%}\n\n<\/style>\n<div id=\"atwkslider-nueva-esperanza-1\" class=\"atwkslider atwkslider-nueva-esperanza slider-content-images\"><div class=\"slides\">\n\n<!-- **** Slider Images: nueva-esperanza **** -->\n\n<div class=\"atwk-slide\"><div class=\"slide-content slide-image\"><img decoding=\"async\" class=\"atw-gallery-img\" src=\"\/\/jbh-bolivien.de\/de\/wp-content\/uploads\/sites\/2\/2017\/08\/IMG_20161126_131224.jpg\" alt=\"ne_costarica_2\" srcset=\"\/\/jbh-bolivien.de\/de\/wp-content\/uploads\/sites\/2\/2017\/08\/IMG_20161126_131224.jpg 700w, \/\/jbh-bolivien.de\/de\/wp-content\/uploads\/sites\/2\/2017\/08\/IMG_20161126_131224-300x214.jpg 300w\" sizes=\"(max-width: 700px) 100vw, 700px\" \/>\n<div class=\"atwk-caption\">Mit dem Rollstuhl am Meer in Costa Rica (im Rahmen einer Konferenz f\u00fcr Menschen mit Behinderung)<\/div><\/div><\/div>\n\n<div class=\"atwk-slide\"><div class=\"slide-content slide-image\"><img decoding=\"async\" class=\"atw-gallery-img\" src=\"\/\/jbh-bolivien.de\/de\/wp-content\/uploads\/sites\/2\/2017\/08\/IMG_6190.jpg\" alt=\"IMG_6190\" srcset=\"\/\/jbh-bolivien.de\/de\/wp-content\/uploads\/sites\/2\/2017\/08\/IMG_6190.jpg 700w, \/\/jbh-bolivien.de\/de\/wp-content\/uploads\/sites\/2\/2017\/08\/IMG_6190-300x214.jpg 300w\" sizes=\"(max-width: 700px) 100vw, 700px\" \/>\n<div class=\"atwk-caption\">Das B\u00fcro von Nueva Esperanza - Versammlungs- und Planungsort der Aktivit\u00e4ten<\/div><\/div><\/div>\n<\/div><\/div><div class='atw-clear-both'><\/div><!-- atwslider -->\n<div id='atwkslider-nueva-esperanza-1-thumbs' class='atwkslider atwkslider-nueva-esperanza-thumbs atwk-content-thumbs'><div class='slides'>\n<div class=\"atwk-slide\"><img decoding=\"async\" src=\"\/\/jbh-bolivien.de\/de\/wp-content\/uploads\/sites\/2\/2017\/08\/IMG_20161126_131224-150x150.jpg\" \/><\/div>\n<div class=\"atwk-slide\"><img decoding=\"async\" src=\"\/\/jbh-bolivien.de\/de\/wp-content\/uploads\/sites\/2\/2017\/08\/IMG_6190-150x150.jpg\" \/><\/div>\n<\/div><\/div><!-- atwkslider-nueva-esperanza-1 -->\n\n","protected":false},"excerpt":{"rendered":"<p>In den neunziger Jahren wurde die Selbsthilfe-Gruppe von und f\u00fcr K\u00f6rperbehinderte Nueva Esperanza in Sucre gegr\u00fcndet. Es geht ihnen darum, ein selbstbestimmtes Leben zu f\u00fchren und an der Gesellschaft teilzuhaben (\u201eVida independiente\u201c). Um dies zu erreichen, engagiert sich Nueva Esperanza <span class=\"excerpt-dots\">&hellip;<\/span> <a class=\"more-link\" href=\"https:\/\/jbh-bolivien.de\/de\/atw_slider_post\/nueva-esperanza\/\"><span class=\"more-msg\">Weiterlesen &rarr;<\/span><\/a><\/p>\n","protected":false},"author":1,"featured_media":0,"parent":82,"menu_order":0,"comment_status":"closed","ping_status":"closed","template":"","meta":{"ngg_post_thumbnail":0,"footnotes":""},"class_list":["post-115","page","type-page","status-publish","hentry"],"_links":{"self":[{"href":"https:\/\/jbh-bolivien.de\/de\/wp-json\/wp\/v2\/pages\/115","targetHints":{"allow":["GET"]}}],"collection":[{"href":"https:\/\/jbh-bolivien.de\/de\/wp-json\/wp\/v2\/pages"}],"about":[{"href":"https:\/\/jbh-bolivien.de\/de\/wp-json\/wp\/v2\/types\/page"}],"author":[{"embeddable":true,"href":"https:\/\/jbh-bolivien.de\/de\/wp-json\/wp\/v2\/users\/1"}],"replies":[{"embeddable":true,"href":"https:\/\/jbh-bolivien.de\/de\/wp-json\/wp\/v2\/comments?post=115"}],"version-history":[{"count":10,"href":"https:\/\/jbh-bolivien.de\/de\/wp-json\/wp\/v2\/pages\/115\/revisions"}],"predecessor-version":[{"id":1399,"href":"https:\/\/jbh-bolivien.de\/de\/wp-json\/wp\/v2\/pages\/115\/revisions\/1399"}],"up":[{"embeddable":true,"href":"https:\/\/jbh-bolivien.de\/de\/wp-json\/wp\/v2\/pages\/82"}],"wp:attachment":[{"href":"https:\/\/jbh-bolivien.de\/de\/wp-json\/wp\/v2\/media?parent=115"}],"curies":[{"name":"wp","href":"https:\/\/api.w.org\/{rel}","templated":true}]}}