{"id":110,"date":"2017-04-22T12:26:11","date_gmt":"2017-04-22T10:26:11","guid":{"rendered":"http:\/\/s522773432.online.de\/de\/?page_id=110"},"modified":"2025-06-09T18:01:29","modified_gmt":"2025-06-09T16:01:29","slug":"cej-cajamarca","status":"publish","type":"page","link":"https:\/\/jbh-bolivien.de\/de\/projekte\/projektpartner\/cej-cajamarca\/","title":{"rendered":"CEJ Cajamarca"},"content":{"rendered":"\n<div class=\"infoTitle\"><strong>CEJ Cajamarca<\/strong><\/div>\n\n\n\n<div class=\"infoTitle\">&nbsp;<\/div>\n\n\n\n<div class=\"display-text-group\"><span class=\"displayed-text\">Unser Centro Ecol\u00f3gico Juvenil (CEJ) &#8211; \u00d6kologisches Jugendzentrum Cajamarca\/ Bolivien wurde 1990 in den Anden Boliviens von Student*innen und Dozent*innen der P\u00e4dagogischen Hochschule Sucre gegr\u00fcndet. Es besitzt 17 ha. Land. Zus\u00e4tzliche wurden vom CEJ Bergabh\u00e4nge hinzu gekauft und den jeweils erstgeborenen T\u00f6chtern der Bauernfamilien \u00fcberschrieben, mit der Auflage zwanzig Jahre ihre kahlen Gebiete aufzuforsten. Somit entstand der erste zusammenh\u00e4ngende Wald rund um das Jugendzentrum.&nbsp;<\/span><\/div>\n\n\n\n<div class=\"display-text-group\">&nbsp;<\/div>\n\n\n\n<div class=\"display-text-group\">\n<\/div>\n\n\n\n<div class=\"wp-block-columns is-layout-flex wp-container-core-columns-is-layout-9d6595d7 wp-block-columns-is-layout-flex\">\n<div class=\"wp-block-column is-layout-flow wp-block-column-is-layout-flow\" style=\"flex-basis:100%\">\n<div class=\"wp-block-group\"><div class=\"wp-block-group__inner-container is-layout-constrained wp-block-group-is-layout-constrained\">\n<div class=\"wp-block-group\"><div class=\"wp-block-group__inner-container is-layout-constrained wp-block-group-is-layout-constrained\">\n<div class=\"wp-block-columns is-layout-flex wp-container-core-columns-is-layout-9d6595d7 wp-block-columns-is-layout-flex\">\n<div class=\"wp-block-column is-layout-flow wp-block-column-is-layout-flow\" style=\"flex-basis:100%\"><\/div>\n<\/div>\n<\/div><\/div>\n<\/div><\/div>\n<\/div>\n<\/div>\n\n\n\n<p><\/p>\n\n\n\n<div class=\"wp-block-columns is-layout-flex wp-container-core-columns-is-layout-9d6595d7 wp-block-columns-is-layout-flex\">\n<div class=\"wp-block-column is-layout-flow wp-block-column-is-layout-flow\">\n<div id=\"attachment_286\" style=\"width: 310px\" class=\"wp-caption alignnone\"><a href=\"https:\/\/jbh-bolivien.de\/de\/wp-content\/uploads\/sites\/2\/2017\/08\/Berg-1990.jpeg\"><img loading=\"lazy\" decoding=\"async\" aria-describedby=\"caption-attachment-286\" class=\"wp-image-286 size-medium\" src=\"https:\/\/jbh-bolivien.de\/de\/wp-content\/uploads\/sites\/2\/2017\/08\/Berg-1990-300x214.jpeg\" alt=\"\" width=\"300\" height=\"214\" srcset=\"https:\/\/jbh-bolivien.de\/de\/wp-content\/uploads\/sites\/2\/2017\/08\/Berg-1990-300x214.jpeg 300w, https:\/\/jbh-bolivien.de\/de\/wp-content\/uploads\/sites\/2\/2017\/08\/Berg-1990.jpeg 700w\" sizes=\"auto, (max-width: 300px) 100vw, 300px\" \/><\/a><p id=\"caption-attachment-286\" class=\"wp-caption-text\">1990 war das Cajamarca-Tal in der N\u00e4he von Sucre auf 3300m H\u00f6he noch karg und leer, &#8230;<\/p><\/div>\n<\/div>\n\n\n\n<div class=\"wp-block-column is-layout-flow wp-block-column-is-layout-flow\">\n<p><a href=\"https:\/\/jbh-bolivien.de\/de\/wp-content\/uploads\/sites\/2\/2023\/09\/Pflanze-im-Kies-683x1024-1.jpg\"><img loading=\"lazy\" decoding=\"async\" class=\"alignnone wp-image-1216 size-medium\" src=\"https:\/\/jbh-bolivien.de\/de\/wp-content\/uploads\/sites\/2\/2023\/09\/Pflanze-im-Kies-683x1024-1-e1695218642341-379x400.jpg\" alt=\"\" width=\"379\" height=\"400\" srcset=\"https:\/\/jbh-bolivien.de\/de\/wp-content\/uploads\/sites\/2\/2023\/09\/Pflanze-im-Kies-683x1024-1-e1695218642341-379x400.jpg 379w, https:\/\/jbh-bolivien.de\/de\/wp-content\/uploads\/sites\/2\/2023\/09\/Pflanze-im-Kies-683x1024-1-e1695218642341.jpg 653w\" sizes=\"auto, (max-width: 379px) 100vw, 379px\" \/><\/a><\/p>\n<\/div>\n\n\n\n<div class=\"wp-block-column is-layout-flow wp-block-column-is-layout-flow\">\n<p><a href=\"https:\/\/jbh-bolivien.de\/de\/wp-content\/uploads\/sites\/2\/2023\/09\/Pflanzen.jpg\"><img loading=\"lazy\" decoding=\"async\" class=\"alignnone wp-image-1217 size-medium\" src=\"https:\/\/jbh-bolivien.de\/de\/wp-content\/uploads\/sites\/2\/2023\/09\/Pflanzen-400x300.jpg\" alt=\"\" width=\"400\" height=\"300\" srcset=\"https:\/\/jbh-bolivien.de\/de\/wp-content\/uploads\/sites\/2\/2023\/09\/Pflanzen-400x300.jpg 400w, https:\/\/jbh-bolivien.de\/de\/wp-content\/uploads\/sites\/2\/2023\/09\/Pflanzen-1024x768.jpg 1024w, https:\/\/jbh-bolivien.de\/de\/wp-content\/uploads\/sites\/2\/2023\/09\/Pflanzen-768x576.jpg 768w, https:\/\/jbh-bolivien.de\/de\/wp-content\/uploads\/sites\/2\/2023\/09\/Pflanzen-1536x1152.jpg 1536w, https:\/\/jbh-bolivien.de\/de\/wp-content\/uploads\/sites\/2\/2023\/09\/Pflanzen.jpg 1600w\" sizes=\"auto, (max-width: 400px) 100vw, 400px\" \/><\/a><\/p>\n<\/div>\n<\/div>\n\n\n\n\n\n<div class=\"display-text-group\"><span class=\"displayed-text\">Die umliegenden Bauern wurden nach und nach, von unserem Erfolg angeregt, ebenfalls t\u00e4tig und bepflanzten ihre kahlen Berge. Inzwischen sind 500 Hektar bewaldet. In einem zusammenh\u00e4ngenden Wald wachsen nun bis zu 30m hohe B\u00e4ume. Darunter leben und wachsen im Biotop eine neue eigene Tier- und Pflanzwelt. <\/span><\/div>\n\n\n\n<figure class=\"wp-block-gallery has-nested-images columns-3 is-cropped wp-block-gallery-1 is-layout-flex wp-block-gallery-is-layout-flex\">\n<figure class=\"wp-block-image size-full\"><img loading=\"lazy\" decoding=\"async\" width=\"2480\" height=\"2560\" data-id=\"1203\" src=\"https:\/\/jbh-bolivien.de\/de\/wp-content\/uploads\/sites\/2\/2023\/09\/Huhn-fliegend-scaled.jpg\" alt=\"\" class=\"wp-image-1203\" srcset=\"https:\/\/jbh-bolivien.de\/de\/wp-content\/uploads\/sites\/2\/2023\/09\/Huhn-fliegend-scaled.jpg 2480w, https:\/\/jbh-bolivien.de\/de\/wp-content\/uploads\/sites\/2\/2023\/09\/Huhn-fliegend-387x400.jpg 387w, https:\/\/jbh-bolivien.de\/de\/wp-content\/uploads\/sites\/2\/2023\/09\/Huhn-fliegend-992x1024.jpg 992w, https:\/\/jbh-bolivien.de\/de\/wp-content\/uploads\/sites\/2\/2023\/09\/Huhn-fliegend-768x793.jpg 768w, https:\/\/jbh-bolivien.de\/de\/wp-content\/uploads\/sites\/2\/2023\/09\/Huhn-fliegend-1488x1536.jpg 1488w, https:\/\/jbh-bolivien.de\/de\/wp-content\/uploads\/sites\/2\/2023\/09\/Huhn-fliegend-1984x2048.jpg 1984w\" sizes=\"auto, (max-width: 2480px) 100vw, 2480px\" \/><\/figure>\n\n\n\n<figure class=\"wp-block-image size-large\"><img loading=\"lazy\" decoding=\"async\" width=\"800\" height=\"533\" data-id=\"1243\" src=\"https:\/\/jbh-bolivien.de\/de\/wp-content\/uploads\/sites\/2\/2023\/09\/VqEM9Q6pou0HgHHk3F1D-1.jpg\" alt=\"\" class=\"wp-image-1243\" srcset=\"https:\/\/jbh-bolivien.de\/de\/wp-content\/uploads\/sites\/2\/2023\/09\/VqEM9Q6pou0HgHHk3F1D-1.jpg 800w, https:\/\/jbh-bolivien.de\/de\/wp-content\/uploads\/sites\/2\/2023\/09\/VqEM9Q6pou0HgHHk3F1D-1-400x267.jpg 400w, https:\/\/jbh-bolivien.de\/de\/wp-content\/uploads\/sites\/2\/2023\/09\/VqEM9Q6pou0HgHHk3F1D-1-768x512.jpg 768w\" sizes=\"auto, (max-width: 800px) 100vw, 800px\" \/><\/figure>\n<\/figure>\n\n\n\n<div class=\"display-text-group\">&nbsp;<\/div>\n\n\n\n<div class=\"display-text-group\"><span class=\"displayed-text\">Pflanzaktionen werden von Sch\u00fcler- und Studentengruppen durchgef\u00fchrt und vermehrt von den Bewohnern der Region. <\/span><\/div>\n\n\n\n<div class=\"display-text-group\"><span class=\"displayed-text\">Durch die Holzverwertung der Bewohner haben sich die Lebensbedingungen der Familien in der Region zus\u00e4tzlich wesentlich verbessert. Unsere Felder (Kartoffel-, Mais-, Gem\u00fcseanbau) profitieren von dem Humus am Rande und auf kleinen Fl\u00e4chen im Wald. Aus dem ganzen Land und vor allem auch aus den \u00fcberv\u00f6lkerten St\u00e4dten lernen Besucher*innen im Zentrum praktische Umweltarbeit. Wir bieten im Zentrum Kurse zu \u00f6kologischen Themen an, wie z.B.: Imkerei, Terra Pretta, Gem\u00fcseanbau, Baumpflanzungen, Walddurchforstung, Kleintierhaltung, Fischzucht, Solarenergie, Holzverwertung, u.v.m.<\/span><\/div>\n\n\n<div class=\"wp-block-image\">\n<figure class=\"aligncenter is-resized\"><img loading=\"lazy\" decoding=\"async\" width=\"400\" height=\"267\" src=\"https:\/\/jbh-bolivien.de\/de\/wp-content\/uploads\/sites\/2\/2023\/09\/biene2-1-400x267.jpg\" alt=\"\" class=\"wp-image-1253\" style=\"width:407px;height:auto\" srcset=\"https:\/\/jbh-bolivien.de\/de\/wp-content\/uploads\/sites\/2\/2023\/09\/biene2-1-400x267.jpg 400w, https:\/\/jbh-bolivien.de\/de\/wp-content\/uploads\/sites\/2\/2023\/09\/biene2-1-1024x683.jpg 1024w, https:\/\/jbh-bolivien.de\/de\/wp-content\/uploads\/sites\/2\/2023\/09\/biene2-1-768x512.jpg 768w, https:\/\/jbh-bolivien.de\/de\/wp-content\/uploads\/sites\/2\/2023\/09\/biene2-1-1536x1024.jpg 1536w, https:\/\/jbh-bolivien.de\/de\/wp-content\/uploads\/sites\/2\/2023\/09\/biene2-1-2048x1365.jpg 2048w\" sizes=\"auto, (max-width: 400px) 100vw, 400px\" \/><\/figure>\n<\/div>\n\n\n<p><a href=\"https:\/\/jbh-bolivien.de\/de\/wp-content\/uploads\/sites\/2\/2023\/09\/biene2-1-scaled.jpg\">&nbsp; <\/a><\/p>\n\n\n\n<div class=\"display-text-group\"><span class=\"displayed-text\">Es ist ein wundersch\u00f6nes und gesundes Erholungsgebiet entstanden f\u00fcr Tagesausfl\u00fcgler, Gruppen und Ferieng\u00e4ste. Sieben unterschiedlich, mit eigenen Materialien gebaute H\u00e4user, beherbergen die Besucher.<\/span><\/div>\n\n\n<p><a href=\"https:\/\/jbh-bolivien.de\/de\/wp-content\/uploads\/sites\/2\/2023\/09\/Cajaaufforstung2-e1695128812702.jpg\"><img loading=\"lazy\" decoding=\"async\" class=\"alignnone wp-image-1192 size-full\" src=\"https:\/\/jbh-bolivien.de\/de\/wp-content\/uploads\/sites\/2\/2023\/09\/Cajaaufforstung2-e1695128812702.jpg\" alt=\"\" width=\"320\" height=\"357\">&nbsp; <\/a><a href=\"https:\/\/jbh-bolivien.de\/de\/wp-content\/uploads\/sites\/2\/2023\/09\/DSC_0929-2-scaled.jpg\"><img loading=\"lazy\" decoding=\"async\" class=\"alignnone wp-image-1197 size-medium\" src=\"https:\/\/jbh-bolivien.de\/de\/wp-content\/uploads\/sites\/2\/2023\/09\/DSC_0929-2-400x339.jpg\" alt=\"\" width=\"400\" height=\"339\" srcset=\"https:\/\/jbh-bolivien.de\/de\/wp-content\/uploads\/sites\/2\/2023\/09\/DSC_0929-2-400x339.jpg 400w, https:\/\/jbh-bolivien.de\/de\/wp-content\/uploads\/sites\/2\/2023\/09\/DSC_0929-2-1024x869.jpg 1024w, https:\/\/jbh-bolivien.de\/de\/wp-content\/uploads\/sites\/2\/2023\/09\/DSC_0929-2-768x651.jpg 768w, https:\/\/jbh-bolivien.de\/de\/wp-content\/uploads\/sites\/2\/2023\/09\/DSC_0929-2-1536x1303.jpg 1536w, https:\/\/jbh-bolivien.de\/de\/wp-content\/uploads\/sites\/2\/2023\/09\/DSC_0929-2-2048x1737.jpg 2048w\" sizes=\"auto, (max-width: 400px) 100vw, 400px\" \/><\/a><\/p>\n\n\n<div class=\"display-text-group\"><span class=\"displayed-text\">Ein 30 km langer Kanal nach Sucre f\u00fchrt Jahr f\u00fcr Jahr mehr sauberes Trinkwasser aus den Quellen unseres Waldes in die Stadt.Unsere drei st\u00e4ndigen Mitarbeiter*innen und zahlreichen Ehrenamtlichen sind verantwortlich bei der Wald-und Feldwirtschaft, der Tierhaltung und sind z.T. ebenfalls Dozenten f\u00fcr angebotene Kurse. <\/span><\/div>\n\n\n\n<div class=\"wp-block-columns is-layout-flex wp-container-core-columns-is-layout-9d6595d7 wp-block-columns-is-layout-flex\">\n<div class=\"wp-block-column is-layout-flow wp-block-column-is-layout-flow\">\n<p><img loading=\"lazy\" decoding=\"async\" class=\"alignnone size-medium wp-image-1202\" src=\"https:\/\/jbh-bolivien.de\/de\/wp-content\/uploads\/sites\/2\/2023\/09\/DSC08991-400x266.jpg\" alt=\"\" width=\"400\" height=\"266\" srcset=\"https:\/\/jbh-bolivien.de\/de\/wp-content\/uploads\/sites\/2\/2023\/09\/DSC08991-400x266.jpg 400w, https:\/\/jbh-bolivien.de\/de\/wp-content\/uploads\/sites\/2\/2023\/09\/DSC08991-1024x682.jpg 1024w, https:\/\/jbh-bolivien.de\/de\/wp-content\/uploads\/sites\/2\/2023\/09\/DSC08991-768x511.jpg 768w, https:\/\/jbh-bolivien.de\/de\/wp-content\/uploads\/sites\/2\/2023\/09\/DSC08991-1536x1022.jpg 1536w, https:\/\/jbh-bolivien.de\/de\/wp-content\/uploads\/sites\/2\/2023\/09\/DSC08991-2048x1363.jpg 2048w\" sizes=\"auto, (max-width: 400px) 100vw, 400px\" \/><\/p>\n<\/div>\n\n\n\n<div class=\"wp-block-column is-layout-flow wp-block-column-is-layout-flow\">\n<div id=\"attachment_1215\" style=\"width: 410px\" class=\"wp-caption alignnone\"><a href=\"https:\/\/jbh-bolivien.de\/de\/wp-content\/uploads\/sites\/2\/2023\/09\/P1080354.jpg\"><img loading=\"lazy\" decoding=\"async\" aria-describedby=\"caption-attachment-1215\" class=\"wp-image-1215 size-medium\" src=\"https:\/\/jbh-bolivien.de\/de\/wp-content\/uploads\/sites\/2\/2023\/09\/P1080354-400x304.jpg\" alt=\"\" width=\"400\" height=\"304\" srcset=\"https:\/\/jbh-bolivien.de\/de\/wp-content\/uploads\/sites\/2\/2023\/09\/P1080354-400x304.jpg 400w, https:\/\/jbh-bolivien.de\/de\/wp-content\/uploads\/sites\/2\/2023\/09\/P1080354-1024x779.jpg 1024w, https:\/\/jbh-bolivien.de\/de\/wp-content\/uploads\/sites\/2\/2023\/09\/P1080354-768x584.jpg 768w, https:\/\/jbh-bolivien.de\/de\/wp-content\/uploads\/sites\/2\/2023\/09\/P1080354-1536x1168.jpg 1536w, https:\/\/jbh-bolivien.de\/de\/wp-content\/uploads\/sites\/2\/2023\/09\/P1080354-2048x1557.jpg 2048w\" sizes=\"auto, (max-width: 400px) 100vw, 400px\" \/><\/a><p id=\"caption-attachment-1215\" class=\"wp-caption-text\">&nbsp;<\/p><\/div>\n<\/div>\n\n\n\n<div class=\"wp-block-column is-layout-flow wp-block-column-is-layout-flow\"><\/div>\n<\/div>\n\n\n\n<div class=\"display-text-group\"><span class=\"displayed-text\">J\u00e4hrlich ben\u00f6tigen wir 30.000 \u20ac f\u00fcr Geh\u00e4lter und Pensionsanspr\u00fcche, Versicherungen, Baumschulen, Saatgut, Tiernahrung, Wegebau und Transportger\u00e4te. Ein Baum kann bei uns mit einer Spende von 3 \u20ac finanziert werden. Je mehr Spenden wir erhalten, desto mehr kahle Bergh\u00e4nge werden mit Baumsetzlingen bepflanzt. <\/span><\/div>\n\n\n\n<div class=\"wp-block-columns is-layout-flex wp-container-core-columns-is-layout-9d6595d7 wp-block-columns-is-layout-flex\">\n<div class=\"wp-block-column is-layout-flow wp-block-column-is-layout-flow\">\n<p><a href=\"https:\/\/jbh-bolivien.de\/de\/wp-content\/uploads\/sites\/2\/2023\/09\/werkstatt-1.jpg\"><img loading=\"lazy\" decoding=\"async\" class=\"alignnone wp-image-1244 size-medium\" src=\"https:\/\/jbh-bolivien.de\/de\/wp-content\/uploads\/sites\/2\/2023\/09\/werkstatt-1-400x334.jpg\" alt=\"\" width=\"400\" height=\"334\" srcset=\"https:\/\/jbh-bolivien.de\/de\/wp-content\/uploads\/sites\/2\/2023\/09\/werkstatt-1-400x334.jpg 400w, https:\/\/jbh-bolivien.de\/de\/wp-content\/uploads\/sites\/2\/2023\/09\/werkstatt-1-1024x856.jpg 1024w, https:\/\/jbh-bolivien.de\/de\/wp-content\/uploads\/sites\/2\/2023\/09\/werkstatt-1-768x642.jpg 768w, https:\/\/jbh-bolivien.de\/de\/wp-content\/uploads\/sites\/2\/2023\/09\/werkstatt-1-1536x1284.jpg 1536w, https:\/\/jbh-bolivien.de\/de\/wp-content\/uploads\/sites\/2\/2023\/09\/werkstatt-1-2048x1712.jpg 2048w\" sizes=\"auto, (max-width: 400px) 100vw, 400px\" \/><\/a><\/p>\n<\/div>\n\n\n\n<div class=\"wp-block-column is-layout-flow wp-block-column-is-layout-flow\">\n<p><a href=\"https:\/\/jbh-bolivien.de\/de\/wp-content\/uploads\/sites\/2\/2023\/09\/IMG-20171003-WA0044.jpg\"><img loading=\"lazy\" decoding=\"async\" class=\"alignnone wp-image-1232 size-medium\" src=\"https:\/\/jbh-bolivien.de\/de\/wp-content\/uploads\/sites\/2\/2023\/09\/IMG-20171003-WA0044-400x225.jpg\" alt=\"\" width=\"400\" height=\"225\" srcset=\"https:\/\/jbh-bolivien.de\/de\/wp-content\/uploads\/sites\/2\/2023\/09\/IMG-20171003-WA0044-400x225.jpg 400w, https:\/\/jbh-bolivien.de\/de\/wp-content\/uploads\/sites\/2\/2023\/09\/IMG-20171003-WA0044-1024x575.jpg 1024w, https:\/\/jbh-bolivien.de\/de\/wp-content\/uploads\/sites\/2\/2023\/09\/IMG-20171003-WA0044-768x431.jpg 768w, https:\/\/jbh-bolivien.de\/de\/wp-content\/uploads\/sites\/2\/2023\/09\/IMG-20171003-WA0044.jpg 1040w\" sizes=\"auto, (max-width: 400px) 100vw, 400px\" \/><\/a><\/p>\n<\/div>\n\n\n\n<div class=\"wp-block-column is-layout-flow wp-block-column-is-layout-flow\"><\/div>\n<\/div>\n\n\n\n<div class=\"display-text-group\"><span class=\"displayed-text\">Kommt uns besuchen und staunt \u00fcber die Kraft des Waldes in den Anden, (3200m \u00fc. d. Meeresspiegel) Wir sehen unseren Schwerpunkt in der F\u00f6rderung von Jugendlichen damit sie eine gute berufliche Perspektive erlangen und dabei \u00f6kologische Zusammenh\u00e4nge verstehen um Bolivien und unserer Erde in eine lebenswerte Zukunft f\u00fcr alle zu bieten. <\/span>Seit vielen Jahren betreut der Verein deutsche Freiwillige (u.a. Zivildienst, IJFD, Weltw\u00e4rts, Senioren), die in allen Projektbereichen mitarbeiten. Nach und nach ist so eine regionale und internationale Vernetzung des CEJ im \u00f6kologischen Bereich national und international gewachsen.<\/div>\n\n\n<p><a href=\"https:\/\/jbh-bolivien.de\/de\/wp-content\/uploads\/sites\/2\/2023\/09\/clip_image002-2.jpg\"><img loading=\"lazy\" decoding=\"async\" class=\"alignnone wp-image-1263 size-full\" src=\"https:\/\/jbh-bolivien.de\/de\/wp-content\/uploads\/sites\/2\/2023\/09\/clip_image002-2.jpg\" alt=\"\" width=\"245\" height=\"245\" srcset=\"https:\/\/jbh-bolivien.de\/de\/wp-content\/uploads\/sites\/2\/2023\/09\/clip_image002-2.jpg 245w, https:\/\/jbh-bolivien.de\/de\/wp-content\/uploads\/sites\/2\/2023\/09\/clip_image002-2-150x150.jpg 150w\" sizes=\"auto, (max-width: 245px) 100vw, 245px\" \/><\/a><\/p>\n\n\n<div class=\"entry-content clearfix\">Art der Projektf\u00f6rderung:F\u00f6rderung einzelner Unterprojekte<br>Weiterleitung von zweckgebundenen Spenden\n<p>Projektverantwortliche\/Ansprechpartnerin:<br><a href=\"https:\/\/jbh-bolivien.de\/de\/kontakt\/\" target=\"_blank\" rel=\"noopener\" data-cke-saved-href=\"https:\/\/jbh-bolivien.de\/de\/kontakt\/\">Christine Krapf und Claudia Schmidt (Projekte und zweckgebundene Spenden)<\/a><\/p>\n<p>Website:<br><a href=\"https:\/\/www.cajamarca-bolivien.de\" target=\"_blank\" rel=\"noopener\" data-cke-saved-href=\"https:\/\/www.cajamarca-bolivien.de\">www.cajamarca-bolivien.de <\/a><\/p>\n<p>Direkte Ansprechpartner beim CEJ sind:<\/p>\n<p>Andr\u00e9s Dehmel: dehmel(et)email.de<br>Ronald Soliz: ronaldsoliz_107(et)hotmail.com<\/p>\n<\/div>\n\n\n\n<p>Weitere Informationen:<\/p>\n\n\n\n<ul class=\"wp-block-list\">\n<li><a href=\"https:\/\/jbh-bolivien.de\/de\/wp-content\/uploads\/sites\/2\/2019\/07\/CEJ-Info-Arbeiten.pdf\" target=\"_blank\" rel=\"noopener noreferrer\">Selbstdarstellung CEJ<\/a><\/li>\n\n\n\n<li><a href=\"https:\/\/jbh-bolivien.de\/de\/category\/berichte-von-freiwilligen\/\">Berichte von Freiwilligen (alle Projektpartner)<\/a><\/li>\n<\/ul>\n\n\n\n<p>Bildergalerie:<\/p>\n\n\n\n<!-- cej-cajamarca --><style type='text\/css'>\n.atwkslider-cej-cajamarca .slides .atwk-slide .slide-image .atwk-title-overlay{max-width:75%}\n\n<\/style>\n<div id=\"atwkslider-cej-cajamarca-1\" class=\"atwkslider atwkslider-cej-cajamarca slider-content-images\"><div class=\"slides\">\n\n<!-- **** Slider Images: cej-cajamarca **** -->\n\n<div class=\"atwk-slide\"><div class=\"slide-content slide-image\"><img decoding=\"async\" class=\"atw-gallery-img\" src=\"\/\/jbh-bolivien.de\/de\/wp-content\/uploads\/sites\/2\/2017\/08\/Berg-1990.jpeg\" alt=\"cej_caj_aufforstung_4\" srcset=\"\/\/jbh-bolivien.de\/de\/wp-content\/uploads\/sites\/2\/2017\/08\/Berg-1990.jpeg 700w, \/\/jbh-bolivien.de\/de\/wp-content\/uploads\/sites\/2\/2017\/08\/Berg-1990-300x214.jpeg 300w\" sizes=\"(max-width: 700px) 100vw, 700px\" \/>\n<div class=\"atwk-caption\">1990 war das Cajamarca-Tal in der N\u00e4he von Sucre auf 3300m H\u00f6he noch karg und leer, ...<\/div><\/div><\/div>\n\n<div class=\"atwk-slide\"><div class=\"slide-content slide-image\"><img decoding=\"async\" class=\"atw-gallery-img\" src=\"\/\/jbh-bolivien.de\/de\/wp-content\/uploads\/sites\/2\/2017\/08\/IMG_6324.jpg\" alt=\"cej_caj_aufforstung_1\" srcset=\"\/\/jbh-bolivien.de\/de\/wp-content\/uploads\/sites\/2\/2017\/08\/IMG_6324.jpg 700w, \/\/jbh-bolivien.de\/de\/wp-content\/uploads\/sites\/2\/2017\/08\/IMG_6324-300x214.jpg 300w\" sizes=\"(max-width: 700px) 100vw, 700px\" \/>\n<div class=\"atwk-caption\">F\u00fcr Nachwuchs sorgt die eigene Baumschule. <\/div><\/div><\/div>\n\n<div class=\"atwk-slide\"><div class=\"slide-content slide-image\"><img decoding=\"async\" class=\"atw-gallery-img\" src=\"\/\/jbh-bolivien.de\/de\/wp-content\/uploads\/sites\/2\/2017\/08\/IMG_6245.jpg\" alt=\"cej_caj_oekologie_2\" srcset=\"\/\/jbh-bolivien.de\/de\/wp-content\/uploads\/sites\/2\/2017\/08\/IMG_6245.jpg 700w, \/\/jbh-bolivien.de\/de\/wp-content\/uploads\/sites\/2\/2017\/08\/IMG_6245-300x214.jpg 300w\" sizes=\"(max-width: 700px) 100vw, 700px\" \/>\n<div class=\"atwk-caption\">... und die Aufforstung macht sich auch im Wasserstand der Fl\u00fcsse bemerkbar, welche die Stadt Sucre mit Wasser versorgen. <\/div><\/div><\/div>\n<\/div><\/div><div class='atw-clear-both'><\/div><!-- atwslider -->\n<div id='atwkslider-cej-cajamarca-1-thumbs' class='atwkslider atwkslider-cej-cajamarca-thumbs atwk-content-thumbs'><div class='slides'>\n<div class=\"atwk-slide\"><img decoding=\"async\" src=\"\/\/jbh-bolivien.de\/de\/wp-content\/uploads\/sites\/2\/2017\/08\/Berg-1990-150x150.jpeg\" \/><\/div>\n<div class=\"atwk-slide\"><img decoding=\"async\" src=\"\/\/jbh-bolivien.de\/de\/wp-content\/uploads\/sites\/2\/2017\/08\/IMG_6324-150x150.jpg\" \/><\/div>\n<div class=\"atwk-slide\"><img decoding=\"async\" src=\"\/\/jbh-bolivien.de\/de\/wp-content\/uploads\/sites\/2\/2017\/08\/IMG_6245-150x150.jpg\" \/><\/div>\n<\/div><\/div><!-- atwkslider-cej-cajamarca-1 -->\n\n\n\n\n<div class=\"wp-block-group\"><div class=\"wp-block-group__inner-container is-layout-constrained wp-block-group-is-layout-constrained\"><\/div><\/div>\n","protected":false},"excerpt":{"rendered":"<p>CEJ Cajamarca &nbsp; Unser Centro Ecol\u00f3gico Juvenil (CEJ) &#8211; \u00d6kologisches Jugendzentrum Cajamarca\/ Bolivien wurde 1990 in den Anden Boliviens von Student*innen und Dozent*innen der P\u00e4dagogischen Hochschule Sucre gegr\u00fcndet. Es besitzt 17 ha. Land. Zus\u00e4tzliche wurden vom CEJ Bergabh\u00e4nge hinzu gekauft <span class=\"excerpt-dots\">&hellip;<\/span> <a class=\"more-link\" href=\"https:\/\/jbh-bolivien.de\/de\/atw_slider_post\/cej-cajamarca\/\"><span class=\"more-msg\">Weiterlesen &rarr;<\/span><\/a><\/p>\n","protected":false},"author":1,"featured_media":0,"parent":82,"menu_order":0,"comment_status":"closed","ping_status":"closed","template":"","meta":{"ngg_post_thumbnail":0,"footnotes":""},"class_list":["post-110","page","type-page","status-publish","hentry"],"_links":{"self":[{"href":"https:\/\/jbh-bolivien.de\/de\/wp-json\/wp\/v2\/pages\/110","targetHints":{"allow":["GET"]}}],"collection":[{"href":"https:\/\/jbh-bolivien.de\/de\/wp-json\/wp\/v2\/pages"}],"about":[{"href":"https:\/\/jbh-bolivien.de\/de\/wp-json\/wp\/v2\/types\/page"}],"author":[{"embeddable":true,"href":"https:\/\/jbh-bolivien.de\/de\/wp-json\/wp\/v2\/users\/1"}],"replies":[{"embeddable":true,"href":"https:\/\/jbh-bolivien.de\/de\/wp-json\/wp\/v2\/comments?post=110"}],"version-history":[{"count":53,"href":"https:\/\/jbh-bolivien.de\/de\/wp-json\/wp\/v2\/pages\/110\/revisions"}],"predecessor-version":[{"id":1397,"href":"https:\/\/jbh-bolivien.de\/de\/wp-json\/wp\/v2\/pages\/110\/revisions\/1397"}],"up":[{"embeddable":true,"href":"https:\/\/jbh-bolivien.de\/de\/wp-json\/wp\/v2\/pages\/82"}],"wp:attachment":[{"href":"https:\/\/jbh-bolivien.de\/de\/wp-json\/wp\/v2\/media?parent=110"}],"curies":[{"name":"wp","href":"https:\/\/api.w.org\/{rel}","templated":true}]}}